{"id":27593,"date":"2021-06-22T18:35:50","date_gmt":"2021-06-22T18:35:50","guid":{"rendered":"http:\/\/casadastintasans.com.br\/?post_type=product&#038;p=27593"},"modified":"2021-06-22T18:35:52","modified_gmt":"2021-06-22T18:35:52","slug":"suvinil-fosco-completo-36l","status":"publish","type":"product","link":"https:\/\/casadastintasans.com.br\/index.php\/produto\/suvinil-fosco-completo-36l\/","title":{"rendered":"Suvinil Fosco Completo 3,6L"},"content":{"rendered":"","protected":false},"excerpt":{"rendered":"<div class=\"styled__Container-aprr3l-0 YqVXC\">\n<div class=\"styled__Container-sc-1k1vkjz-0 bsTmQr\">\n<div class=\"styled__Content-sc-16panhj-1 iQwRIL\">\n<div class=\"styled__Product-sc-1k1vkjz-3 inrGaR\">\n<div class=\"flex\">\n<div class=\"content\">\n<div class=\"description\">\n<p>Suvinil Fosco Completo tem uma \u00f3tima cobertura. Ela permite que voc\u00ea renove a sua casa de um jeito r\u00e1pido, pr\u00e1tico e eficiente. Com sua tecnologia antirrespingo, n\u00e3o tem inc\u00f4modo com sujeira ap\u00f3s a aplica\u00e7\u00e3o. A tinta fica sem cheiro em at\u00e9 4 horas ap\u00f3s sua aplica\u00e7\u00e3o. Seu acabamento fosco deixa o ambiente discreto, f\u00e1cil de decorar e ainda ajuda a disfar\u00e7ar as imperfei\u00e7\u00f5es de paredes internas e externas. Se apaixone pela sua casa cada vez mais.<\/p>\n<\/div>\n<\/div>\n<\/div>\n<\/div>\n<\/div>\n<\/div>\n<\/div>\n<div class=\"styled__Container-c3otan-0 sLHrg\">\n<div class=\"styled__Container-aprr3l-0 YqVXC\">\n<div class=\"styled__Padding-c3otan-1 ffmULp\">\n<div class=\"styled__SubtitlePage-c3otan-2 GYnQY\"><\/div>\n<\/div>\n<\/div>\n<\/div>\n","protected":false},"featured_media":27594,"template":"","meta":[],"product_brand":[],"product_cat":[162,179,144,153,180],"product_tag":[],"class_list":{"0":"post-27593","1":"product","2":"type-product","3":"status-publish","4":"has-post-thumbnail","6":"product_cat-exterior","7":"product_cat-interior","8":"product_cat-linha-imobiliaria","9":"product_cat-suvinil","10":"product_cat-tintas","12":"first","13":"instock","14":"shipping-taxable","15":"product-type-simple"},"aioseo_notices":[],"_links":{"self":[{"href":"https:\/\/casadastintasans.com.br\/index.php\/wp-json\/wp\/v2\/product\/27593","targetHints":{"allow":["GET"]}}],"collection":[{"href":"https:\/\/casadastintasans.com.br\/index.php\/wp-json\/wp\/v2\/product"}],"about":[{"href":"https:\/\/casadastintasans.com.br\/index.php\/wp-json\/wp\/v2\/types\/product"}],"wp:featuredmedia":[{"embeddable":true,"href":"https:\/\/casadastintasans.com.br\/index.php\/wp-json\/wp\/v2\/media\/27594"}],"wp:attachment":[{"href":"https:\/\/casadastintasans.com.br\/index.php\/wp-json\/wp\/v2\/media?parent=27593"}],"wp:term":[{"taxonomy":"product_brand","embeddable":true,"href":"https:\/\/casadastintasans.com.br\/index.php\/wp-json\/wp\/v2\/product_brand?post=27593"},{"taxonomy":"product_cat","embeddable":true,"href":"https:\/\/casadastintasans.com.br\/index.php\/wp-json\/wp\/v2\/product_cat?post=27593"},{"taxonomy":"product_tag","embeddable":true,"href":"https:\/\/casadastintasans.com.br\/index.php\/wp-json\/wp\/v2\/product_tag?post=27593"}],"curies":[{"name":"wp","href":"https:\/\/api.w.org\/{rel}","templated":true}]}}