{"id":27591,"date":"2021-06-22T18:32:37","date_gmt":"2021-06-22T18:32:37","guid":{"rendered":"http:\/\/casadastintasans.com.br\/?post_type=product&#038;p=27591"},"modified":"2021-06-22T18:36:49","modified_gmt":"2021-06-22T18:36:49","slug":"suvinil-classica-36l","status":"publish","type":"product","link":"https:\/\/casadastintasans.com.br\/index.php\/produto\/suvinil-classica-36l\/","title":{"rendered":"Suvinil Tinta Cl\u00e1ssica 3,6L"},"content":{"rendered":"","protected":false},"excerpt":{"rendered":"<div class=\"styled__Container-aprr3l-0 YqVXC\">\n<div class=\"styled__Container-sc-1k1vkjz-0 bsTmQr\">\n<div class=\"styled__Content-sc-16panhj-1 iQwRIL\">\n<div class=\"styled__Product-sc-1k1vkjz-3 inrGaR\">\n<div class=\"flex\">\n<div class=\"content\">\n<div class=\"description\">\n<p>Suvinil Cl\u00e1ssica \u00e9 a nossa tinta mais tradicional e a marca preferida do pintor. Ela possui alta cobertura, o que a torna muito vers\u00e1til na hora da pintura. Por n\u00e3o deixar cheiro, tamb\u00e9m \u00e9 indicada para dentro de casa. \u00c9 uma tinta de parede f\u00e1cil de aplicar e com uma grande variedade de tons, consulte o nosso leque de cores para ver qual combina mais com voc\u00ea.<\/p>\n<\/div>\n<\/div>\n<\/div>\n<\/div>\n<\/div>\n<\/div>\n<\/div>\n<div class=\"styled__Container-c3otan-0 sLHrg\">\n<div class=\"styled__Container-aprr3l-0 YqVXC\">\n<div class=\"styled__Padding-c3otan-1 ffmULp\">\n<div class=\"styled__SubtitlePage-c3otan-2 GYnQY\"><\/div>\n<\/div>\n<\/div>\n<\/div>\n","protected":false},"featured_media":27592,"template":"","meta":[],"product_brand":[],"product_cat":[162,179,144,153,180],"product_tag":[],"class_list":{"0":"post-27591","1":"product","2":"type-product","3":"status-publish","4":"has-post-thumbnail","6":"product_cat-exterior","7":"product_cat-interior","8":"product_cat-linha-imobiliaria","9":"product_cat-suvinil","10":"product_cat-tintas","12":"first","13":"instock","14":"shipping-taxable","15":"product-type-simple"},"aioseo_notices":[],"_links":{"self":[{"href":"https:\/\/casadastintasans.com.br\/index.php\/wp-json\/wp\/v2\/product\/27591","targetHints":{"allow":["GET"]}}],"collection":[{"href":"https:\/\/casadastintasans.com.br\/index.php\/wp-json\/wp\/v2\/product"}],"about":[{"href":"https:\/\/casadastintasans.com.br\/index.php\/wp-json\/wp\/v2\/types\/product"}],"wp:featuredmedia":[{"embeddable":true,"href":"https:\/\/casadastintasans.com.br\/index.php\/wp-json\/wp\/v2\/media\/27592"}],"wp:attachment":[{"href":"https:\/\/casadastintasans.com.br\/index.php\/wp-json\/wp\/v2\/media?parent=27591"}],"wp:term":[{"taxonomy":"product_brand","embeddable":true,"href":"https:\/\/casadastintasans.com.br\/index.php\/wp-json\/wp\/v2\/product_brand?post=27591"},{"taxonomy":"product_cat","embeddable":true,"href":"https:\/\/casadastintasans.com.br\/index.php\/wp-json\/wp\/v2\/product_cat?post=27591"},{"taxonomy":"product_tag","embeddable":true,"href":"https:\/\/casadastintasans.com.br\/index.php\/wp-json\/wp\/v2\/product_tag?post=27591"}],"curies":[{"name":"wp","href":"https:\/\/api.w.org\/{rel}","templated":true}]}}