{"id":27587,"date":"2021-06-22T18:12:51","date_gmt":"2021-06-22T18:12:51","guid":{"rendered":"http:\/\/casadastintasans.com.br\/?post_type=product&#038;p=27587"},"modified":"2021-06-22T18:12:51","modified_gmt":"2021-06-22T18:12:51","slug":"suvinil-fundo-preparador-18l","status":"publish","type":"product","link":"https:\/\/casadastintasans.com.br\/index.php\/produto\/suvinil-fundo-preparador-18l\/","title":{"rendered":"Suvinil Fundo Preparador 18L"},"content":{"rendered":"","protected":false},"excerpt":{"rendered":"<div class=\"styled__Container-aprr3l-0 YqVXC\">\n<div class=\"styled__Container-sc-1k1vkjz-0 bsTmQr\">\n<div class=\"styled__Content-sc-16panhj-1 iQwRIL\">\n<div class=\"styled__Product-sc-1k1vkjz-3 inrGaR\">\n<div class=\"flex\">\n<div class=\"content\">\n<div class=\"description\">\n<p>Suvinil Fundo Preparador foi criado pensando em quem quer arrumar a pintura de casa. Aplic\u00e1vel em parede e piso cimentado que est\u00e3o no reboco, gesso, ou j\u00e1 pintadas mas com bolhas, tinta solta e precisando de manuten\u00e7\u00e3o. Ele \u00e9 um fundo transparente que ir\u00e1 unificar as part\u00edculas soltas e uniformizar a superf\u00edcie, aumentando a ader\u00eancia, durabilidade e beleza da sua pintura. Com f\u00f3rmula exclusiva, \u00e9 a evolu\u00e7\u00e3o dos fundos preparadores de parede. Indicado para uso interno e externo.<\/p>\n<\/div>\n<\/div>\n<\/div>\n<\/div>\n<\/div>\n<\/div>\n<\/div>\n<div class=\"styled__Container-c3otan-0 sLHrg\"><\/div>\n<div class=\"styled__Container-aprr3l-0 YqVXC\">\n<div class=\"styled__Container-sc-1t2i7xc-0 iRjFHg\">\n<div class=\"styled__SubtitlePage-sc-1t2i7xc-1 iKA-DtZ\">\n<div class=\"styled__Container-aprr3l-0 YqVXC\">\n<div class=\"styled__Container-sc-1k1vkjz-0 bsTmQr\">\n<div class=\"styled__Content-sc-16panhj-1 iQwRIL\">\n<div class=\"styled__Product-sc-1k1vkjz-3 inrGaR\">\n<div class=\"flex\">\n<div class=\"content\">\n<div class=\"description\">\n<p>&nbsp;<\/p>\n<\/div>\n<\/div>\n<\/div>\n<\/div>\n<\/div>\n<\/div>\n<\/div>\n<div class=\"styled__Container-c3otan-0 sLHrg\">\n<div class=\"styled__Container-aprr3l-0 YqVXC\"><\/div>\n<\/div>\n<div class=\"styled__Container-aprr3l-0 YqVXC\">\n<div class=\"styled__Container-sc-1t2i7xc-0 iRjFHg\">\n<div class=\"styled__SubtitlePage-sc-1t2i7xc-1 iKA-DtZ\"><\/div>\n<\/div>\n<\/div>\n<\/div>\n<\/div>\n<\/div>\n","protected":false},"featured_media":27588,"template":"","meta":[],"product_brand":[],"product_cat":[189,144,153],"product_tag":[],"class_list":{"0":"post-27587","1":"product","2":"type-product","3":"status-publish","4":"has-post-thumbnail","6":"product_cat-complementos","7":"product_cat-linha-imobiliaria","8":"product_cat-suvinil","10":"first","11":"instock","12":"shipping-taxable","13":"product-type-simple"},"aioseo_notices":[],"_links":{"self":[{"href":"https:\/\/casadastintasans.com.br\/index.php\/wp-json\/wp\/v2\/product\/27587","targetHints":{"allow":["GET"]}}],"collection":[{"href":"https:\/\/casadastintasans.com.br\/index.php\/wp-json\/wp\/v2\/product"}],"about":[{"href":"https:\/\/casadastintasans.com.br\/index.php\/wp-json\/wp\/v2\/types\/product"}],"wp:featuredmedia":[{"embeddable":true,"href":"https:\/\/casadastintasans.com.br\/index.php\/wp-json\/wp\/v2\/media\/27588"}],"wp:attachment":[{"href":"https:\/\/casadastintasans.com.br\/index.php\/wp-json\/wp\/v2\/media?parent=27587"}],"wp:term":[{"taxonomy":"product_brand","embeddable":true,"href":"https:\/\/casadastintasans.com.br\/index.php\/wp-json\/wp\/v2\/product_brand?post=27587"},{"taxonomy":"product_cat","embeddable":true,"href":"https:\/\/casadastintasans.com.br\/index.php\/wp-json\/wp\/v2\/product_cat?post=27587"},{"taxonomy":"product_tag","embeddable":true,"href":"https:\/\/casadastintasans.com.br\/index.php\/wp-json\/wp\/v2\/product_tag?post=27587"}],"curies":[{"name":"wp","href":"https:\/\/api.w.org\/{rel}","templated":true}]}}