{"id":27524,"date":"2021-06-21T16:32:23","date_gmt":"2021-06-21T16:32:23","guid":{"rendered":"http:\/\/casadastintasans.com.br\/?post_type=product&#038;p=27524"},"modified":"2021-06-21T19:25:47","modified_gmt":"2021-06-21T19:25:47","slug":"filtro-quimico-para-respirador","status":"publish","type":"product","link":"https:\/\/casadastintasans.com.br\/index.php\/produto\/filtro-quimico-para-respirador\/","title":{"rendered":"Filtro qu\u00edmico para respirador"},"content":{"rendered":"","protected":false},"excerpt":{"rendered":"<div class=\"product-description\">\n<div class=\"block-wysiwyg\">\n<p class=\"rtejustify\">O filtro qu\u00edmico \u00e9 indicado para o uso no Respirador de Ar, com a finalidade de promover prote\u00e7\u00e3o respirat\u00f3ria contra vapores org\u00e2nicos para o usu\u00e1rio.<\/p>\n<\/div>\n<\/div>\n<div class=\"product-attr-area\"><\/div>\n","protected":false},"featured_media":27525,"template":"","meta":[],"product_brand":[],"product_cat":[145,208],"product_tag":[],"class_list":{"0":"post-27524","1":"product","2":"type-product","3":"status-publish","4":"has-post-thumbnail","6":"product_cat-acessorios","7":"product_cat-protecao","9":"first","10":"instock","11":"shipping-taxable","12":"product-type-simple"},"aioseo_notices":[],"_links":{"self":[{"href":"https:\/\/casadastintasans.com.br\/index.php\/wp-json\/wp\/v2\/product\/27524","targetHints":{"allow":["GET"]}}],"collection":[{"href":"https:\/\/casadastintasans.com.br\/index.php\/wp-json\/wp\/v2\/product"}],"about":[{"href":"https:\/\/casadastintasans.com.br\/index.php\/wp-json\/wp\/v2\/types\/product"}],"wp:featuredmedia":[{"embeddable":true,"href":"https:\/\/casadastintasans.com.br\/index.php\/wp-json\/wp\/v2\/media\/27525"}],"wp:attachment":[{"href":"https:\/\/casadastintasans.com.br\/index.php\/wp-json\/wp\/v2\/media?parent=27524"}],"wp:term":[{"taxonomy":"product_brand","embeddable":true,"href":"https:\/\/casadastintasans.com.br\/index.php\/wp-json\/wp\/v2\/product_brand?post=27524"},{"taxonomy":"product_cat","embeddable":true,"href":"https:\/\/casadastintasans.com.br\/index.php\/wp-json\/wp\/v2\/product_cat?post=27524"},{"taxonomy":"product_tag","embeddable":true,"href":"https:\/\/casadastintasans.com.br\/index.php\/wp-json\/wp\/v2\/product_tag?post=27524"}],"curies":[{"name":"wp","href":"https:\/\/api.w.org\/{rel}","templated":true}]}}