{"id":27484,"date":"2021-06-19T12:31:16","date_gmt":"2021-06-19T12:31:16","guid":{"rendered":"http:\/\/casadastintasans.com.br\/?post_type=product&#038;p=27484"},"modified":"2021-06-19T12:31:16","modified_gmt":"2021-06-19T12:31:16","slug":"fita-para-embalagem-qualitape-520-48x45","status":"publish","type":"product","link":"https:\/\/casadastintasans.com.br\/index.php\/produto\/fita-para-embalagem-qualitape-520-48x45\/","title":{"rendered":"FITA PARA EMBALAGEM QUALITAPE 520 48&#215;45"},"content":{"rendered":"","protected":false},"excerpt":{"rendered":"<p>A fita para embalagem Qualitape 520 \u00e9 ideal para as seguintes fun\u00e7\u00f5es: empacotamento, lacra\u00e7\u00e3o de pacotes, fechamento de caixas de papel\u00e3o, emendas e refor\u00e7os, jun\u00e7\u00f5es, prote\u00e7\u00e3o, marca\u00e7\u00e3o e diferencia\u00e7\u00e3o.<\/p>\n<div class=\"buttons-grid\"><\/div>\n","protected":false},"featured_media":27485,"template":"","meta":[],"product_brand":[],"product_cat":[145,166],"product_tag":[],"class_list":{"0":"post-27484","1":"product","2":"type-product","3":"status-publish","4":"has-post-thumbnail","6":"product_cat-acessorios","7":"product_cat-fitas","9":"first","10":"instock","11":"shipping-taxable","12":"product-type-simple"},"aioseo_notices":[],"_links":{"self":[{"href":"https:\/\/casadastintasans.com.br\/index.php\/wp-json\/wp\/v2\/product\/27484","targetHints":{"allow":["GET"]}}],"collection":[{"href":"https:\/\/casadastintasans.com.br\/index.php\/wp-json\/wp\/v2\/product"}],"about":[{"href":"https:\/\/casadastintasans.com.br\/index.php\/wp-json\/wp\/v2\/types\/product"}],"wp:featuredmedia":[{"embeddable":true,"href":"https:\/\/casadastintasans.com.br\/index.php\/wp-json\/wp\/v2\/media\/27485"}],"wp:attachment":[{"href":"https:\/\/casadastintasans.com.br\/index.php\/wp-json\/wp\/v2\/media?parent=27484"}],"wp:term":[{"taxonomy":"product_brand","embeddable":true,"href":"https:\/\/casadastintasans.com.br\/index.php\/wp-json\/wp\/v2\/product_brand?post=27484"},{"taxonomy":"product_cat","embeddable":true,"href":"https:\/\/casadastintasans.com.br\/index.php\/wp-json\/wp\/v2\/product_cat?post=27484"},{"taxonomy":"product_tag","embeddable":true,"href":"https:\/\/casadastintasans.com.br\/index.php\/wp-json\/wp\/v2\/product_tag?post=27484"}],"curies":[{"name":"wp","href":"https:\/\/api.w.org\/{rel}","templated":true}]}}