{"id":27482,"date":"2021-06-19T12:27:49","date_gmt":"2021-06-19T12:27:49","guid":{"rendered":"http:\/\/casadastintasans.com.br\/?post_type=product&#038;p=27482"},"modified":"2021-06-19T12:32:39","modified_gmt":"2021-06-19T12:32:39","slug":"fita-adesiva-de-aluminio-807-48x30","status":"publish","type":"product","link":"https:\/\/casadastintasans.com.br\/index.php\/produto\/fita-adesiva-de-aluminio-807-48x30\/","title":{"rendered":"FITA ADESIVA DE ALUM\u00cdNIO 807 48&#215;30"},"content":{"rendered":"","protected":false},"excerpt":{"rendered":"<p>Nosso modelo de fita adesiva de alum\u00ednio \u00e9 ideal para enfitamento de dutos em refrigera\u00e7\u00e3o, prote\u00e7\u00e3o e mascaramento em pinturas especiais, acabamento, reparos em estruturas de alum\u00ednio. Uni\u00e3o de partes na ind\u00fastria da refrigera\u00e7\u00e3o. No processo de impress\u00e3o flexogr\u00e1fica, nossa fita adesiva de alum\u00ednio 807 pode ser utilizada para prote\u00e7\u00e3o qu\u00edmica do Syrel. Excelente condutividade, boa resist\u00eancia a agentes qu\u00edmicos, solventes, dilata\u00e7\u00e3o, dissipa\u00e7\u00e3o de frio e calor e reflex\u00e3o de luz.<\/p>\n","protected":false},"featured_media":27483,"template":"","meta":[],"product_brand":[],"product_cat":[145,166],"product_tag":[],"class_list":{"0":"post-27482","1":"product","2":"type-product","3":"status-publish","4":"has-post-thumbnail","6":"product_cat-acessorios","7":"product_cat-fitas","9":"first","10":"instock","11":"shipping-taxable","12":"product-type-simple"},"aioseo_notices":[],"_links":{"self":[{"href":"https:\/\/casadastintasans.com.br\/index.php\/wp-json\/wp\/v2\/product\/27482","targetHints":{"allow":["GET"]}}],"collection":[{"href":"https:\/\/casadastintasans.com.br\/index.php\/wp-json\/wp\/v2\/product"}],"about":[{"href":"https:\/\/casadastintasans.com.br\/index.php\/wp-json\/wp\/v2\/types\/product"}],"wp:featuredmedia":[{"embeddable":true,"href":"https:\/\/casadastintasans.com.br\/index.php\/wp-json\/wp\/v2\/media\/27483"}],"wp:attachment":[{"href":"https:\/\/casadastintasans.com.br\/index.php\/wp-json\/wp\/v2\/media?parent=27482"}],"wp:term":[{"taxonomy":"product_brand","embeddable":true,"href":"https:\/\/casadastintasans.com.br\/index.php\/wp-json\/wp\/v2\/product_brand?post=27482"},{"taxonomy":"product_cat","embeddable":true,"href":"https:\/\/casadastintasans.com.br\/index.php\/wp-json\/wp\/v2\/product_cat?post=27482"},{"taxonomy":"product_tag","embeddable":true,"href":"https:\/\/casadastintasans.com.br\/index.php\/wp-json\/wp\/v2\/product_tag?post=27482"}],"curies":[{"name":"wp","href":"https:\/\/api.w.org\/{rel}","templated":true}]}}