{"id":27470,"date":"2021-06-18T20:07:08","date_gmt":"2021-06-18T20:07:08","guid":{"rendered":"http:\/\/casadastintasans.com.br\/?post_type=product&#038;p=27470"},"modified":"2021-06-19T12:12:54","modified_gmt":"2021-06-19T12:12:54","slug":"fita-crepe-amarela-automotiva-48x40","status":"publish","type":"product","link":"https:\/\/casadastintasans.com.br\/index.php\/produto\/fita-crepe-amarela-automotiva-48x40\/","title":{"rendered":"FITA CREPE AMARELA AUTOMOTIVA 48&#215;40"},"content":{"rendered":"","protected":false},"excerpt":{"rendered":"<p>A fita crepe amarela da Adelbras \u00e9 feita especialmente para mascaramento automotivo. Uso em estufa at\u00e9 100\u00b0C e tamb\u00e9m para secagem ao ar livre. Possui barreira UV para resist\u00eancia aos raios ultravioleta e exposi\u00e7\u00e3o ao sol por at\u00e9 48 horas. Nosso modelo de fita amarela automotiva anti uv possui \u00f3tima ades\u00e3o, resistente a solventes e umidade, \u00f3tima fixa\u00e7\u00e3o em superf\u00edcies met\u00e1licas, pl\u00e1sticas e borracha. N\u00e3o deixa res\u00edduo ap\u00f3s a remo\u00e7\u00e3o.<\/p>\n","protected":false},"featured_media":27471,"template":"","meta":[],"product_brand":[],"product_cat":[145,166],"product_tag":[],"class_list":{"0":"post-27470","1":"product","2":"type-product","3":"status-publish","4":"has-post-thumbnail","6":"product_cat-acessorios","7":"product_cat-fitas","9":"first","10":"instock","11":"shipping-taxable","12":"product-type-simple"},"aioseo_notices":[],"_links":{"self":[{"href":"https:\/\/casadastintasans.com.br\/index.php\/wp-json\/wp\/v2\/product\/27470","targetHints":{"allow":["GET"]}}],"collection":[{"href":"https:\/\/casadastintasans.com.br\/index.php\/wp-json\/wp\/v2\/product"}],"about":[{"href":"https:\/\/casadastintasans.com.br\/index.php\/wp-json\/wp\/v2\/types\/product"}],"wp:featuredmedia":[{"embeddable":true,"href":"https:\/\/casadastintasans.com.br\/index.php\/wp-json\/wp\/v2\/media\/27471"}],"wp:attachment":[{"href":"https:\/\/casadastintasans.com.br\/index.php\/wp-json\/wp\/v2\/media?parent=27470"}],"wp:term":[{"taxonomy":"product_brand","embeddable":true,"href":"https:\/\/casadastintasans.com.br\/index.php\/wp-json\/wp\/v2\/product_brand?post=27470"},{"taxonomy":"product_cat","embeddable":true,"href":"https:\/\/casadastintasans.com.br\/index.php\/wp-json\/wp\/v2\/product_cat?post=27470"},{"taxonomy":"product_tag","embeddable":true,"href":"https:\/\/casadastintasans.com.br\/index.php\/wp-json\/wp\/v2\/product_tag?post=27470"}],"curies":[{"name":"wp","href":"https:\/\/api.w.org\/{rel}","templated":true}]}}