{"id":27463,"date":"2021-06-18T19:33:08","date_gmt":"2021-06-18T19:33:08","guid":{"rendered":"http:\/\/casadastintasans.com.br\/?post_type=product&#038;p=27463"},"modified":"2021-06-21T19:24:20","modified_gmt":"2021-06-21T19:24:20","slug":"norton-disco-de-fibra-f212-f247","status":"publish","type":"product","link":"https:\/\/casadastintasans.com.br\/index.php\/produto\/norton-disco-de-fibra-f212-f247\/","title":{"rendered":"Norton Disco de Fibra F212\/ F247"},"content":{"rendered":"","protected":false},"excerpt":{"rendered":"<div class=\"product-description\">\n<div class=\"block-wysiwyg\">\n<p class=\"rtejustify\">O Disco de Fibra F212\/ F247 \u00e9 um disco feito com gr\u00e3o \u00d3xido de Alum\u00ednio Marrom, utilizado em opera\u00e7\u00f5es de desbaste de tubos de PVC, lajota de ferro, materiais em a\u00e7o, e remo\u00e7\u00e3o de tinta antiga e\/ou oxida\u00e7\u00e3o leve.\u00a0Suportam grandes esfor\u00e7os e altas velocidades.<\/p>\n<\/div>\n<\/div>\n<div class=\"product-attr-area\"><\/div>\n","protected":false},"featured_media":27464,"template":"","meta":[],"product_brand":[],"product_cat":[207,145,205],"product_tag":[],"class_list":{"0":"post-27463","1":"product","2":"type-product","3":"status-publish","4":"has-post-thumbnail","6":"product_cat-abrasivos","7":"product_cat-acessorios","8":"product_cat-discos","10":"first","11":"instock","12":"shipping-taxable","13":"product-type-simple"},"aioseo_notices":[],"_links":{"self":[{"href":"https:\/\/casadastintasans.com.br\/index.php\/wp-json\/wp\/v2\/product\/27463","targetHints":{"allow":["GET"]}}],"collection":[{"href":"https:\/\/casadastintasans.com.br\/index.php\/wp-json\/wp\/v2\/product"}],"about":[{"href":"https:\/\/casadastintasans.com.br\/index.php\/wp-json\/wp\/v2\/types\/product"}],"wp:featuredmedia":[{"embeddable":true,"href":"https:\/\/casadastintasans.com.br\/index.php\/wp-json\/wp\/v2\/media\/27464"}],"wp:attachment":[{"href":"https:\/\/casadastintasans.com.br\/index.php\/wp-json\/wp\/v2\/media?parent=27463"}],"wp:term":[{"taxonomy":"product_brand","embeddable":true,"href":"https:\/\/casadastintasans.com.br\/index.php\/wp-json\/wp\/v2\/product_brand?post=27463"},{"taxonomy":"product_cat","embeddable":true,"href":"https:\/\/casadastintasans.com.br\/index.php\/wp-json\/wp\/v2\/product_cat?post=27463"},{"taxonomy":"product_tag","embeddable":true,"href":"https:\/\/casadastintasans.com.br\/index.php\/wp-json\/wp\/v2\/product_tag?post=27463"}],"curies":[{"name":"wp","href":"https:\/\/api.w.org\/{rel}","templated":true}]}}