{"id":27459,"date":"2021-06-18T19:11:03","date_gmt":"2021-06-18T19:11:03","guid":{"rendered":"http:\/\/casadastintasans.com.br\/?post_type=product&#038;p=27459"},"modified":"2021-06-21T19:24:34","modified_gmt":"2021-06-21T19:24:34","slug":"norton-disco-de-lixa-speed-grip-com-pluma-a275","status":"publish","type":"product","link":"https:\/\/casadastintasans.com.br\/index.php\/produto\/norton-disco-de-lixa-speed-grip-com-pluma-a275\/","title":{"rendered":"Norton Disco de Lixa (com pluma) A275"},"content":{"rendered":"","protected":false},"excerpt":{"rendered":"<div class=\"product-description\">\n<div class=\"block-wysiwyg\">\n<p class=\"rtejustify\">O Disco de Lixa Speed-Grip (com pluma) A275 \u00e9 uma lixa de papel, em formato de disco, com gr\u00e3o \u00f3xido de alum\u00ednio, conhecida como lixa Champagne, um dos \u2018best-sellers\u2019 da Norton. Indicada em opera\u00e7\u00f5es de lixamento na prepara\u00e7\u00e3o de superf\u00edcies, lixamento de\u00a0seladoras e vernizes. Possui costado de papel leve ideal para lixamentos manuais ou em m\u00e1quinas roto-orbitais, e camada especial No-FIl, que reduz o empastamento em opera\u00e7\u00f5es de lixamento a seco.<\/p>\n<\/div>\n<\/div>\n<div class=\"product-attr-area\"><\/div>\n","protected":false},"featured_media":27460,"template":"","meta":[],"product_brand":[],"product_cat":[207,145,205],"product_tag":[],"class_list":{"0":"post-27459","1":"product","2":"type-product","3":"status-publish","4":"has-post-thumbnail","6":"product_cat-abrasivos","7":"product_cat-acessorios","8":"product_cat-discos","10":"first","11":"instock","12":"shipping-taxable","13":"product-type-simple"},"aioseo_notices":[],"_links":{"self":[{"href":"https:\/\/casadastintasans.com.br\/index.php\/wp-json\/wp\/v2\/product\/27459","targetHints":{"allow":["GET"]}}],"collection":[{"href":"https:\/\/casadastintasans.com.br\/index.php\/wp-json\/wp\/v2\/product"}],"about":[{"href":"https:\/\/casadastintasans.com.br\/index.php\/wp-json\/wp\/v2\/types\/product"}],"wp:featuredmedia":[{"embeddable":true,"href":"https:\/\/casadastintasans.com.br\/index.php\/wp-json\/wp\/v2\/media\/27460"}],"wp:attachment":[{"href":"https:\/\/casadastintasans.com.br\/index.php\/wp-json\/wp\/v2\/media?parent=27459"}],"wp:term":[{"taxonomy":"product_brand","embeddable":true,"href":"https:\/\/casadastintasans.com.br\/index.php\/wp-json\/wp\/v2\/product_brand?post=27459"},{"taxonomy":"product_cat","embeddable":true,"href":"https:\/\/casadastintasans.com.br\/index.php\/wp-json\/wp\/v2\/product_cat?post=27459"},{"taxonomy":"product_tag","embeddable":true,"href":"https:\/\/casadastintasans.com.br\/index.php\/wp-json\/wp\/v2\/product_tag?post=27459"}],"curies":[{"name":"wp","href":"https:\/\/api.w.org\/{rel}","templated":true}]}}