{"id":27457,"date":"2021-06-18T17:31:25","date_gmt":"2021-06-18T17:31:25","guid":{"rendered":"http:\/\/casadastintasans.com.br\/?post_type=product&#038;p=27457"},"modified":"2021-06-21T19:24:40","modified_gmt":"2021-06-21T19:24:40","slug":"norton-folha-de-lixa-microfina-t401","status":"publish","type":"product","link":"https:\/\/casadastintasans.com.br\/index.php\/produto\/norton-folha-de-lixa-microfina-t401\/","title":{"rendered":"Norton Folha de Lixa Microfina T401"},"content":{"rendered":"","protected":false},"excerpt":{"rendered":"<p class=\"rtejustify\">A Folha de Lixa Microfina T401 \u00e9 uma lixa de papel com gr\u00e3o Carbeto de Sil\u00edcio indicada para lixamento a \u00famido de vernizes automotivos. Seu\u00a0excelente corte proporciona acabamento uniforme e\u00a0redu\u00e7\u00e3o do tempo na etapa do polimento. O papel imperme\u00e1vel auxilia na obten\u00e7\u00e3o de acabamento e no alongamento de alto n\u00edvel.<\/p>\n","protected":false},"featured_media":27458,"template":"","meta":[],"product_brand":[],"product_cat":[207,145,203],"product_tag":[],"class_list":{"0":"post-27457","1":"product","2":"type-product","3":"status-publish","4":"has-post-thumbnail","6":"product_cat-abrasivos","7":"product_cat-acessorios","8":"product_cat-folhas-de-lixas","10":"first","11":"instock","12":"shipping-taxable","13":"product-type-simple"},"aioseo_notices":[],"_links":{"self":[{"href":"https:\/\/casadastintasans.com.br\/index.php\/wp-json\/wp\/v2\/product\/27457","targetHints":{"allow":["GET"]}}],"collection":[{"href":"https:\/\/casadastintasans.com.br\/index.php\/wp-json\/wp\/v2\/product"}],"about":[{"href":"https:\/\/casadastintasans.com.br\/index.php\/wp-json\/wp\/v2\/types\/product"}],"wp:featuredmedia":[{"embeddable":true,"href":"https:\/\/casadastintasans.com.br\/index.php\/wp-json\/wp\/v2\/media\/27458"}],"wp:attachment":[{"href":"https:\/\/casadastintasans.com.br\/index.php\/wp-json\/wp\/v2\/media?parent=27457"}],"wp:term":[{"taxonomy":"product_brand","embeddable":true,"href":"https:\/\/casadastintasans.com.br\/index.php\/wp-json\/wp\/v2\/product_brand?post=27457"},{"taxonomy":"product_cat","embeddable":true,"href":"https:\/\/casadastintasans.com.br\/index.php\/wp-json\/wp\/v2\/product_cat?post=27457"},{"taxonomy":"product_tag","embeddable":true,"href":"https:\/\/casadastintasans.com.br\/index.php\/wp-json\/wp\/v2\/product_tag?post=27457"}],"curies":[{"name":"wp","href":"https:\/\/api.w.org\/{rel}","templated":true}]}}