{"id":27453,"date":"2021-06-18T17:25:14","date_gmt":"2021-06-18T17:25:14","guid":{"rendered":"http:\/\/casadastintasans.com.br\/?post_type=product&#038;p=27453"},"modified":"2021-06-21T19:24:59","modified_gmt":"2021-06-21T19:24:59","slug":"norton-folha-de-lixa-microfina-t402","status":"publish","type":"product","link":"https:\/\/casadastintasans.com.br\/index.php\/produto\/norton-folha-de-lixa-microfina-t402\/","title":{"rendered":"Norton Folha de Lixa Microfina T402"},"content":{"rendered":"","protected":false},"excerpt":{"rendered":"<div class=\"product-description\">\n<div class=\"block-wysiwyg\">\n<p class=\"rtejustify\">A Folha de Lixa Microfina T402 \u00e9 uma lixa de papel com gr\u00e3o Carbeto de Sil\u00edcio indicada para lixamento a \u00famido de vernizes automotivos. Seus gr\u00e3os proporcionam remo\u00e7\u00e3o controlada na etapa do pr\u00e9 polimento, com alto rendimento e alta flexibilidade da lixa, garantindo acabamento uniforme no resultado final.<\/p>\n<\/div>\n<\/div>\n<div class=\"product-attr-area\"><\/div>\n","protected":false},"featured_media":27454,"template":"","meta":[],"product_brand":[],"product_cat":[207,145,203],"product_tag":[],"class_list":{"0":"post-27453","1":"product","2":"type-product","3":"status-publish","4":"has-post-thumbnail","6":"product_cat-abrasivos","7":"product_cat-acessorios","8":"product_cat-folhas-de-lixas","10":"first","11":"instock","12":"shipping-taxable","13":"product-type-simple"},"aioseo_notices":[],"_links":{"self":[{"href":"https:\/\/casadastintasans.com.br\/index.php\/wp-json\/wp\/v2\/product\/27453","targetHints":{"allow":["GET"]}}],"collection":[{"href":"https:\/\/casadastintasans.com.br\/index.php\/wp-json\/wp\/v2\/product"}],"about":[{"href":"https:\/\/casadastintasans.com.br\/index.php\/wp-json\/wp\/v2\/types\/product"}],"wp:featuredmedia":[{"embeddable":true,"href":"https:\/\/casadastintasans.com.br\/index.php\/wp-json\/wp\/v2\/media\/27454"}],"wp:attachment":[{"href":"https:\/\/casadastintasans.com.br\/index.php\/wp-json\/wp\/v2\/media?parent=27453"}],"wp:term":[{"taxonomy":"product_brand","embeddable":true,"href":"https:\/\/casadastintasans.com.br\/index.php\/wp-json\/wp\/v2\/product_brand?post=27453"},{"taxonomy":"product_cat","embeddable":true,"href":"https:\/\/casadastintasans.com.br\/index.php\/wp-json\/wp\/v2\/product_cat?post=27453"},{"taxonomy":"product_tag","embeddable":true,"href":"https:\/\/casadastintasans.com.br\/index.php\/wp-json\/wp\/v2\/product_tag?post=27453"}],"curies":[{"name":"wp","href":"https:\/\/api.w.org\/{rel}","templated":true}]}}