{"id":27450,"date":"2021-06-18T17:22:40","date_gmt":"2021-06-18T17:22:40","guid":{"rendered":"http:\/\/casadastintasans.com.br\/?post_type=product&#038;p=27450"},"modified":"2021-06-21T19:25:06","modified_gmt":"2021-06-21T19:25:06","slug":"norton-lixa-black-ice-t499","status":"publish","type":"product","link":"https:\/\/casadastintasans.com.br\/index.php\/produto\/norton-lixa-black-ice-t499\/","title":{"rendered":"Norton Folha de Lixa Black Ice T499"},"content":{"rendered":"","protected":false},"excerpt":{"rendered":"<p class=\"rtejustify\">A Folha de Lixa Norton Black Ice T499\u00a0\u00e9 uma lixa de papel com gr\u00e3o Carbeto de Sil\u00edcio indicada para lixamento a \u00famido de vernizes automotivos. Sua tecnologia proporciona um melhor acabamento, e excelente durabilidade, garantindo um lixamento pr\u00e9 polimento mais eficaz e sem riscos na pintura.<\/p>\n","protected":false},"featured_media":27452,"template":"","meta":[],"product_brand":[],"product_cat":[207,145,203],"product_tag":[],"class_list":{"0":"post-27450","1":"product","2":"type-product","3":"status-publish","4":"has-post-thumbnail","6":"product_cat-abrasivos","7":"product_cat-acessorios","8":"product_cat-folhas-de-lixas","10":"first","11":"instock","12":"shipping-taxable","13":"product-type-simple"},"aioseo_notices":[],"_links":{"self":[{"href":"https:\/\/casadastintasans.com.br\/index.php\/wp-json\/wp\/v2\/product\/27450","targetHints":{"allow":["GET"]}}],"collection":[{"href":"https:\/\/casadastintasans.com.br\/index.php\/wp-json\/wp\/v2\/product"}],"about":[{"href":"https:\/\/casadastintasans.com.br\/index.php\/wp-json\/wp\/v2\/types\/product"}],"wp:featuredmedia":[{"embeddable":true,"href":"https:\/\/casadastintasans.com.br\/index.php\/wp-json\/wp\/v2\/media\/27452"}],"wp:attachment":[{"href":"https:\/\/casadastintasans.com.br\/index.php\/wp-json\/wp\/v2\/media?parent=27450"}],"wp:term":[{"taxonomy":"product_brand","embeddable":true,"href":"https:\/\/casadastintasans.com.br\/index.php\/wp-json\/wp\/v2\/product_brand?post=27450"},{"taxonomy":"product_cat","embeddable":true,"href":"https:\/\/casadastintasans.com.br\/index.php\/wp-json\/wp\/v2\/product_cat?post=27450"},{"taxonomy":"product_tag","embeddable":true,"href":"https:\/\/casadastintasans.com.br\/index.php\/wp-json\/wp\/v2\/product_tag?post=27450"}],"curies":[{"name":"wp","href":"https:\/\/api.w.org\/{rel}","templated":true}]}}