{"id":27448,"date":"2021-06-18T17:17:34","date_gmt":"2021-06-18T17:17:34","guid":{"rendered":"http:\/\/casadastintasans.com.br\/?post_type=product&#038;p=27448"},"modified":"2021-06-21T19:25:13","modified_gmt":"2021-06-21T19:25:13","slug":"norton-folha-de-lixa-no-fil-a275","status":"publish","type":"product","link":"https:\/\/casadastintasans.com.br\/index.php\/produto\/norton-folha-de-lixa-no-fil-a275\/","title":{"rendered":"Norton Folha de Lixa No-Fil A275"},"content":{"rendered":"","protected":false},"excerpt":{"rendered":"<p>A Folha de Lixa No-Fil A275 \u00e9 uma lixa de papel com gr\u00e3o \u00d3xido de Alum\u00ednio Marrom, \u00e9 conhecida como lixa Champagne, um dos \u2018best-sellers\u2019 da Norton. Indicada para opera\u00e7\u00f5es de lixamento na prepara\u00e7\u00e3o de superf\u00edcies, lixamento de seladoras e vernizes. Possui e costado de papel leve, ideal para lixamentos manuais, e camada especial No-FIl, que reduz o empastamento em\u00a0opera\u00e7\u00f5es de lixamento a seco.<\/p>\n","protected":false},"featured_media":27449,"template":"","meta":[],"product_brand":[],"product_cat":[207,145,203],"product_tag":[],"class_list":{"0":"post-27448","1":"product","2":"type-product","3":"status-publish","4":"has-post-thumbnail","6":"product_cat-abrasivos","7":"product_cat-acessorios","8":"product_cat-folhas-de-lixas","10":"first","11":"instock","12":"shipping-taxable","13":"product-type-simple"},"aioseo_notices":[],"_links":{"self":[{"href":"https:\/\/casadastintasans.com.br\/index.php\/wp-json\/wp\/v2\/product\/27448","targetHints":{"allow":["GET"]}}],"collection":[{"href":"https:\/\/casadastintasans.com.br\/index.php\/wp-json\/wp\/v2\/product"}],"about":[{"href":"https:\/\/casadastintasans.com.br\/index.php\/wp-json\/wp\/v2\/types\/product"}],"wp:featuredmedia":[{"embeddable":true,"href":"https:\/\/casadastintasans.com.br\/index.php\/wp-json\/wp\/v2\/media\/27449"}],"wp:attachment":[{"href":"https:\/\/casadastintasans.com.br\/index.php\/wp-json\/wp\/v2\/media?parent=27448"}],"wp:term":[{"taxonomy":"product_brand","embeddable":true,"href":"https:\/\/casadastintasans.com.br\/index.php\/wp-json\/wp\/v2\/product_brand?post=27448"},{"taxonomy":"product_cat","embeddable":true,"href":"https:\/\/casadastintasans.com.br\/index.php\/wp-json\/wp\/v2\/product_cat?post=27448"},{"taxonomy":"product_tag","embeddable":true,"href":"https:\/\/casadastintasans.com.br\/index.php\/wp-json\/wp\/v2\/product_tag?post=27448"}],"curies":[{"name":"wp","href":"https:\/\/api.w.org\/{rel}","templated":true}]}}