{"id":27439,"date":"2021-06-18T16:55:31","date_gmt":"2021-06-18T16:55:31","guid":{"rendered":"http:\/\/casadastintasans.com.br\/?post_type=product&#038;p=27439"},"modified":"2021-06-21T19:25:26","modified_gmt":"2021-06-21T19:25:26","slug":"norton-folha-de-lixa-ferro-k246","status":"publish","type":"product","link":"https:\/\/casadastintasans.com.br\/index.php\/produto\/norton-folha-de-lixa-ferro-k246\/","title":{"rendered":"Norton Folha de Lixa Ferro K246"},"content":{"rendered":"","protected":false},"excerpt":{"rendered":"<p>A Folha de Lixa Ferro K246 \u00e9 uma lixa de pano com gr\u00e3os de \u00d3xido de Alum\u00ednio Marrom\u00a0indicada para o lixamento de metais e em opera\u00e7\u00f5es de maior remo\u00e7\u00e3o de material, nas quais s\u00e3o necess\u00e1rias uma lixa com maior resist\u00eancia.\u00a0\u00c9 recomendada para limpeza e remo\u00e7\u00e3o completa de oxida\u00e7\u00f5es, tintas e vernizes, acabamento em massa pl\u00e1stica e nivelamento de superf\u00edcies.<\/p>\n","protected":false},"featured_media":27440,"template":"","meta":[],"product_brand":[],"product_cat":[207,145,203],"product_tag":[],"class_list":{"0":"post-27439","1":"product","2":"type-product","3":"status-publish","4":"has-post-thumbnail","6":"product_cat-abrasivos","7":"product_cat-acessorios","8":"product_cat-folhas-de-lixas","10":"first","11":"instock","12":"shipping-taxable","13":"product-type-simple"},"aioseo_notices":[],"_links":{"self":[{"href":"https:\/\/casadastintasans.com.br\/index.php\/wp-json\/wp\/v2\/product\/27439","targetHints":{"allow":["GET"]}}],"collection":[{"href":"https:\/\/casadastintasans.com.br\/index.php\/wp-json\/wp\/v2\/product"}],"about":[{"href":"https:\/\/casadastintasans.com.br\/index.php\/wp-json\/wp\/v2\/types\/product"}],"wp:featuredmedia":[{"embeddable":true,"href":"https:\/\/casadastintasans.com.br\/index.php\/wp-json\/wp\/v2\/media\/27440"}],"wp:attachment":[{"href":"https:\/\/casadastintasans.com.br\/index.php\/wp-json\/wp\/v2\/media?parent=27439"}],"wp:term":[{"taxonomy":"product_brand","embeddable":true,"href":"https:\/\/casadastintasans.com.br\/index.php\/wp-json\/wp\/v2\/product_brand?post=27439"},{"taxonomy":"product_cat","embeddable":true,"href":"https:\/\/casadastintasans.com.br\/index.php\/wp-json\/wp\/v2\/product_cat?post=27439"},{"taxonomy":"product_tag","embeddable":true,"href":"https:\/\/casadastintasans.com.br\/index.php\/wp-json\/wp\/v2\/product_tag?post=27439"}],"curies":[{"name":"wp","href":"https:\/\/api.w.org\/{rel}","templated":true}]}}