{"id":27437,"date":"2021-06-18T16:51:49","date_gmt":"2021-06-18T16:51:49","guid":{"rendered":"http:\/\/casadastintasans.com.br\/?post_type=product&#038;p=27437"},"modified":"2021-06-21T19:25:34","modified_gmt":"2021-06-21T19:25:34","slug":"folha-de-lixa-dagua-t277","status":"publish","type":"product","link":"https:\/\/casadastintasans.com.br\/index.php\/produto\/folha-de-lixa-dagua-t277\/","title":{"rendered":"Norton Folha de Lixa d&#8217;\u00c1gua T277"},"content":{"rendered":"","protected":false},"excerpt":{"rendered":"<p>A Folha de Lixa D\u2019\u00c1gua T277 \u00e9 uma lixa de papel com gr\u00e3o \u00d3xido de Alum\u00ednio Marrom indicada para lixamentos a \u00famido de superf\u00edcies met\u00e1licas, mat\u00e9rias compostos, massa pl\u00e1stica, massa r\u00e1pidas, al\u00e9m de permitir o lixamento ap\u00f3s a aplica\u00e7\u00e3o de primers em autom\u00f3veis. Seu\u00a0sistema exclusivo de resinas e seu costado de\u00a0papel altamente imperme\u00e1vel, promovem maior durabilidade da lixa.<\/p>\n","protected":false},"featured_media":27438,"template":"","meta":[],"product_brand":[],"product_cat":[207,145,203],"product_tag":[],"class_list":{"0":"post-27437","1":"product","2":"type-product","3":"status-publish","4":"has-post-thumbnail","6":"product_cat-abrasivos","7":"product_cat-acessorios","8":"product_cat-folhas-de-lixas","10":"first","11":"instock","12":"shipping-taxable","13":"product-type-simple"},"aioseo_notices":[],"_links":{"self":[{"href":"https:\/\/casadastintasans.com.br\/index.php\/wp-json\/wp\/v2\/product\/27437","targetHints":{"allow":["GET"]}}],"collection":[{"href":"https:\/\/casadastintasans.com.br\/index.php\/wp-json\/wp\/v2\/product"}],"about":[{"href":"https:\/\/casadastintasans.com.br\/index.php\/wp-json\/wp\/v2\/types\/product"}],"wp:featuredmedia":[{"embeddable":true,"href":"https:\/\/casadastintasans.com.br\/index.php\/wp-json\/wp\/v2\/media\/27438"}],"wp:attachment":[{"href":"https:\/\/casadastintasans.com.br\/index.php\/wp-json\/wp\/v2\/media?parent=27437"}],"wp:term":[{"taxonomy":"product_brand","embeddable":true,"href":"https:\/\/casadastintasans.com.br\/index.php\/wp-json\/wp\/v2\/product_brand?post=27437"},{"taxonomy":"product_cat","embeddable":true,"href":"https:\/\/casadastintasans.com.br\/index.php\/wp-json\/wp\/v2\/product_cat?post=27437"},{"taxonomy":"product_tag","embeddable":true,"href":"https:\/\/casadastintasans.com.br\/index.php\/wp-json\/wp\/v2\/product_tag?post=27437"}],"curies":[{"name":"wp","href":"https:\/\/api.w.org\/{rel}","templated":true}]}}