{"id":27395,"date":"2021-06-17T18:28:53","date_gmt":"2021-06-17T18:28:53","guid":{"rendered":"http:\/\/casadastintasans.com.br\/?post_type=product&#038;p=27395"},"modified":"2021-06-17T18:50:26","modified_gmt":"2021-06-17T18:50:26","slug":"anjo-tinta-emborrachada-36l","status":"publish","type":"product","link":"https:\/\/casadastintasans.com.br\/index.php\/produto\/anjo-tinta-emborrachada-36l\/","title":{"rendered":"ANJO TINTA FOSCO TOTAL 3,6L"},"content":{"rendered":"<p><img decoding=\"async\" id=\"tgpli-60cb92330e90d\" class=\"alignnone wp-image-27392\" src=\"http:\/\/casadastintasans.com.br\/wp-content\/uploads\/2021\/06\/Leque-de-Cores-Aquarelas-300x300.png\" sizes=\"(max-width: 323px) 100vw, 323px\" srcset=\"http:\/\/casadastintasans.com.br\/wp-content\/uploads\/2021\/06\/Leque-de-Cores-Aquarelas-300x300.png 300w, http:\/\/casadastintasans.com.br\/wp-content\/uploads\/2021\/06\/Leque-de-Cores-Aquarelas-150x150.png 150w, http:\/\/casadastintasans.com.br\/wp-content\/uploads\/2021\/06\/Leque-de-Cores-Aquarelas-256x256.png 256w, http:\/\/casadastintasans.com.br\/wp-content\/uploads\/2021\/06\/Leque-de-Cores-Aquarelas-160x160.png 160w, http:\/\/casadastintasans.com.br\/wp-content\/uploads\/2021\/06\/Leque-de-Cores-Aquarelas-600x600.png 600w, http:\/\/casadastintasans.com.br\/wp-content\/uploads\/2021\/06\/Leque-de-Cores-Aquarelas-100x100.png 100w, http:\/\/casadastintasans.com.br\/wp-content\/uploads\/2021\/06\/Leque-de-Cores-Aquarelas.png 650w\" alt=\"\" width=\"323\" height=\"323\" data-tgpli-src=\"http:\/\/casadastintasans.com.br\/wp-content\/uploads\/2021\/06\/Leque-de-Cores-Aquarelas-300x300.png\" data-tgpli-srcset=\"http:\/\/casadastintasans.com.br\/wp-content\/uploads\/2021\/06\/Leque-de-Cores-Aquarelas-300x300.png 300w, http:\/\/casadastintasans.com.br\/wp-content\/uploads\/2021\/06\/Leque-de-Cores-Aquarelas-150x150.png 150w, http:\/\/casadastintasans.com.br\/wp-content\/uploads\/2021\/06\/Leque-de-Cores-Aquarelas-256x256.png 256w, http:\/\/casadastintasans.com.br\/wp-content\/uploads\/2021\/06\/Leque-de-Cores-Aquarelas-160x160.png 160w, http:\/\/casadastintasans.com.br\/wp-content\/uploads\/2021\/06\/Leque-de-Cores-Aquarelas-600x600.png 600w, http:\/\/casadastintasans.com.br\/wp-content\/uploads\/2021\/06\/Leque-de-Cores-Aquarelas-100x100.png 100w, http:\/\/casadastintasans.com.br\/wp-content\/uploads\/2021\/06\/Leque-de-Cores-Aquarelas.png 650w\" data-tgpli-inited=\"\" \/><\/p>\n<h4 class=\"ts2 tc-grey\">ESCOLHA A COR DA TINTA<\/h4>\n","protected":false},"excerpt":{"rendered":"<p class=\"text1 text-size-lvl-1\">Pintura sem cheiro em at\u00e9 3 horas ap\u00f3s a aplica\u00e7\u00e3o? Com Anjo FoscoTotal \u00e9 poss\u00edvel! Al\u00e9m de ser a tinta mais completa para sua obra ou reforma, a FoscoTotal garante rapidez e resultado perfeito! Em sua vers\u00e3o fosca, a Tinta Acr\u00edlica Premium FoscoTotal \u00e9 a aposta certa seja qual for sua prefer\u00eancia: um acabamento fosco, com a secagem mais r\u00e1pida e o menor odor ap\u00f3s aplica\u00e7\u00e3o.<\/p>\n","protected":false},"featured_media":27401,"template":"","meta":[],"product_brand":[],"product_cat":[154,162,179,144,180],"product_tag":[],"class_list":{"0":"post-27395","1":"product","2":"type-product","3":"status-publish","4":"has-post-thumbnail","6":"product_cat-anjo","7":"product_cat-exterior","8":"product_cat-interior","9":"product_cat-linha-imobiliaria","10":"product_cat-tintas","12":"first","13":"instock","14":"shipping-taxable","15":"product-type-simple"},"aioseo_notices":[],"_links":{"self":[{"href":"https:\/\/casadastintasans.com.br\/index.php\/wp-json\/wp\/v2\/product\/27395","targetHints":{"allow":["GET"]}}],"collection":[{"href":"https:\/\/casadastintasans.com.br\/index.php\/wp-json\/wp\/v2\/product"}],"about":[{"href":"https:\/\/casadastintasans.com.br\/index.php\/wp-json\/wp\/v2\/types\/product"}],"wp:featuredmedia":[{"embeddable":true,"href":"https:\/\/casadastintasans.com.br\/index.php\/wp-json\/wp\/v2\/media\/27401"}],"wp:attachment":[{"href":"https:\/\/casadastintasans.com.br\/index.php\/wp-json\/wp\/v2\/media?parent=27395"}],"wp:term":[{"taxonomy":"product_brand","embeddable":true,"href":"https:\/\/casadastintasans.com.br\/index.php\/wp-json\/wp\/v2\/product_brand?post=27395"},{"taxonomy":"product_cat","embeddable":true,"href":"https:\/\/casadastintasans.com.br\/index.php\/wp-json\/wp\/v2\/product_cat?post=27395"},{"taxonomy":"product_tag","embeddable":true,"href":"https:\/\/casadastintasans.com.br\/index.php\/wp-json\/wp\/v2\/product_tag?post=27395"}],"curies":[{"name":"wp","href":"https:\/\/api.w.org\/{rel}","templated":true}]}}