{"id":27388,"date":"2021-06-17T17:49:06","date_gmt":"2021-06-17T17:49:06","guid":{"rendered":"http:\/\/casadastintasans.com.br\/?post_type=product&#038;p=27388"},"modified":"2021-06-17T19:21:01","modified_gmt":"2021-06-17T19:21:01","slug":"anjo-metalico-36l","status":"publish","type":"product","link":"https:\/\/casadastintasans.com.br\/index.php\/produto\/anjo-metalico-36l\/","title":{"rendered":"ANJO ESMALTE MET\u00c1LICO 3,6L"},"content":{"rendered":"<p><img decoding=\"async\" class=\"alignnone wp-image-27392\" src=\"http:\/\/casadastintasans.com.br\/wp-content\/uploads\/2021\/06\/Leque-de-Cores-Aquarelas-300x300.png\" alt=\"\" width=\"323\" height=\"323\" srcset=\"https:\/\/casadastintasans.com.br\/wp-content\/uploads\/2021\/06\/Leque-de-Cores-Aquarelas-300x300.png 300w, https:\/\/casadastintasans.com.br\/wp-content\/uploads\/2021\/06\/Leque-de-Cores-Aquarelas-150x150.png 150w, https:\/\/casadastintasans.com.br\/wp-content\/uploads\/2021\/06\/Leque-de-Cores-Aquarelas-256x256.png 256w, https:\/\/casadastintasans.com.br\/wp-content\/uploads\/2021\/06\/Leque-de-Cores-Aquarelas-160x160.png 160w, https:\/\/casadastintasans.com.br\/wp-content\/uploads\/2021\/06\/Leque-de-Cores-Aquarelas-600x600.png 600w, https:\/\/casadastintasans.com.br\/wp-content\/uploads\/2021\/06\/Leque-de-Cores-Aquarelas-100x100.png 100w, https:\/\/casadastintasans.com.br\/wp-content\/uploads\/2021\/06\/Leque-de-Cores-Aquarelas.png 650w\" sizes=\"(max-width: 323px) 100vw, 323px\" \/><\/p>\n<h4 class=\"ts2 tc-grey\">Escolha a cor da tinta<\/h4>\n","protected":false},"excerpt":{"rendered":"<p class=\"text1 text-size-lvl-1\">A nobreza dos metais agora pode durar por muito mais tempo! Aplique a tinta esmalte sint\u00e9tico met\u00e1lico e tenha superf\u00edcies met\u00e1licas protegidas como nunca! Al\u00e9m do efeito decorativo, o esmalte com efeito met\u00e1lico torna port\u00f5es, grades e cercas muito mais resistentes. Aposte tamb\u00e9m no esmalte da Anjo para proteger superf\u00edcies met\u00e1licas do sol, do calor e da chuva.<\/p>\n","protected":false},"featured_media":27390,"template":"","meta":[],"product_brand":[],"product_cat":[154,186,162,179,144,159,180],"product_tag":[],"class_list":{"0":"post-27388","1":"product","2":"type-product","3":"status-publish","4":"has-post-thumbnail","6":"product_cat-anjo","7":"product_cat-esmaltes","8":"product_cat-exterior","9":"product_cat-interior","10":"product_cat-linha-imobiliaria","11":"product_cat-metais","12":"product_cat-tintas","14":"first","15":"instock","16":"shipping-taxable","17":"product-type-simple"},"aioseo_notices":[],"_links":{"self":[{"href":"https:\/\/casadastintasans.com.br\/index.php\/wp-json\/wp\/v2\/product\/27388","targetHints":{"allow":["GET"]}}],"collection":[{"href":"https:\/\/casadastintasans.com.br\/index.php\/wp-json\/wp\/v2\/product"}],"about":[{"href":"https:\/\/casadastintasans.com.br\/index.php\/wp-json\/wp\/v2\/types\/product"}],"wp:featuredmedia":[{"embeddable":true,"href":"https:\/\/casadastintasans.com.br\/index.php\/wp-json\/wp\/v2\/media\/27390"}],"wp:attachment":[{"href":"https:\/\/casadastintasans.com.br\/index.php\/wp-json\/wp\/v2\/media?parent=27388"}],"wp:term":[{"taxonomy":"product_brand","embeddable":true,"href":"https:\/\/casadastintasans.com.br\/index.php\/wp-json\/wp\/v2\/product_brand?post=27388"},{"taxonomy":"product_cat","embeddable":true,"href":"https:\/\/casadastintasans.com.br\/index.php\/wp-json\/wp\/v2\/product_cat?post=27388"},{"taxonomy":"product_tag","embeddable":true,"href":"https:\/\/casadastintasans.com.br\/index.php\/wp-json\/wp\/v2\/product_tag?post=27388"}],"curies":[{"name":"wp","href":"https:\/\/api.w.org\/{rel}","templated":true}]}}