{"id":27373,"date":"2021-06-16T18:42:28","date_gmt":"2021-06-16T18:42:28","guid":{"rendered":"http:\/\/casadastintasans.com.br\/?post_type=product&#038;p=27373"},"modified":"2023-01-04T18:41:00","modified_gmt":"2023-01-04T18:41:00","slug":"anjo-aguarras-900ml","status":"publish","type":"product","link":"https:\/\/casadastintasans.com.br\/index.php\/produto\/anjo-aguarras-900ml\/","title":{"rendered":"ANJO SOLVENTE AGUARR\u00c1S 900ml"},"content":{"rendered":"","protected":false},"excerpt":{"rendered":"<p class=\"text1 \">Indicado na dilui\u00e7\u00e3o de esmaltes sint\u00e9ticos longos em \u00f3leo, desengraxante e desengordurante. A Anjo \u00e9 l\u00edder no mercado brasileiro no segmento de thinners e solventes. Confian\u00e7a acima de tudo.<\/p>\n","protected":false},"featured_media":27374,"template":"","meta":[],"product_brand":[],"product_cat":[220,143],"product_tag":[],"class_list":{"0":"post-27373","1":"product","2":"type-product","3":"status-publish","4":"has-post-thumbnail","6":"product_cat-complemento-automotivo","7":"product_cat-linha-automotiva","9":"first","10":"instock","11":"shipping-taxable","12":"product-type-simple"},"aioseo_notices":[],"_links":{"self":[{"href":"https:\/\/casadastintasans.com.br\/index.php\/wp-json\/wp\/v2\/product\/27373","targetHints":{"allow":["GET"]}}],"collection":[{"href":"https:\/\/casadastintasans.com.br\/index.php\/wp-json\/wp\/v2\/product"}],"about":[{"href":"https:\/\/casadastintasans.com.br\/index.php\/wp-json\/wp\/v2\/types\/product"}],"wp:featuredmedia":[{"embeddable":true,"href":"https:\/\/casadastintasans.com.br\/index.php\/wp-json\/wp\/v2\/media\/27374"}],"wp:attachment":[{"href":"https:\/\/casadastintasans.com.br\/index.php\/wp-json\/wp\/v2\/media?parent=27373"}],"wp:term":[{"taxonomy":"product_brand","embeddable":true,"href":"https:\/\/casadastintasans.com.br\/index.php\/wp-json\/wp\/v2\/product_brand?post=27373"},{"taxonomy":"product_cat","embeddable":true,"href":"https:\/\/casadastintasans.com.br\/index.php\/wp-json\/wp\/v2\/product_cat?post=27373"},{"taxonomy":"product_tag","embeddable":true,"href":"https:\/\/casadastintasans.com.br\/index.php\/wp-json\/wp\/v2\/product_tag?post=27373"}],"curies":[{"name":"wp","href":"https:\/\/api.w.org\/{rel}","templated":true}]}}