{"id":27370,"date":"2021-06-16T18:36:22","date_gmt":"2021-06-16T18:36:22","guid":{"rendered":"http:\/\/casadastintasans.com.br\/?post_type=product&#038;p=27370"},"modified":"2023-01-04T18:41:38","modified_gmt":"2023-01-04T18:41:38","slug":"anjo-thinner-2900-900ml","status":"publish","type":"product","link":"https:\/\/casadastintasans.com.br\/index.php\/produto\/anjo-thinner-2900-900ml\/","title":{"rendered":"ANJO THINNER 2900 900ml"},"content":{"rendered":"","protected":false},"excerpt":{"rendered":"<p class=\"text1 \">Indicado para dilui\u00e7\u00e3o de produtos \u00e0 base de nitrocelulose. Boa resist\u00eancia ao branqueamento. Thinners: mistura de solventes vol\u00e1teis, devidamente balanceados, l\u00edmpido, incolor, odor caracter\u00edstico e inflam\u00e1vel.<\/p>\n","protected":false},"featured_media":27372,"template":"","meta":[],"product_brand":[],"product_cat":[220,143],"product_tag":[],"class_list":{"0":"post-27370","1":"product","2":"type-product","3":"status-publish","4":"has-post-thumbnail","6":"product_cat-complemento-automotivo","7":"product_cat-linha-automotiva","9":"first","10":"instock","11":"shipping-taxable","12":"product-type-simple"},"aioseo_notices":[],"_links":{"self":[{"href":"https:\/\/casadastintasans.com.br\/index.php\/wp-json\/wp\/v2\/product\/27370","targetHints":{"allow":["GET"]}}],"collection":[{"href":"https:\/\/casadastintasans.com.br\/index.php\/wp-json\/wp\/v2\/product"}],"about":[{"href":"https:\/\/casadastintasans.com.br\/index.php\/wp-json\/wp\/v2\/types\/product"}],"wp:featuredmedia":[{"embeddable":true,"href":"https:\/\/casadastintasans.com.br\/index.php\/wp-json\/wp\/v2\/media\/27372"}],"wp:attachment":[{"href":"https:\/\/casadastintasans.com.br\/index.php\/wp-json\/wp\/v2\/media?parent=27370"}],"wp:term":[{"taxonomy":"product_brand","embeddable":true,"href":"https:\/\/casadastintasans.com.br\/index.php\/wp-json\/wp\/v2\/product_brand?post=27370"},{"taxonomy":"product_cat","embeddable":true,"href":"https:\/\/casadastintasans.com.br\/index.php\/wp-json\/wp\/v2\/product_cat?post=27370"},{"taxonomy":"product_tag","embeddable":true,"href":"https:\/\/casadastintasans.com.br\/index.php\/wp-json\/wp\/v2\/product_tag?post=27370"}],"curies":[{"name":"wp","href":"https:\/\/api.w.org\/{rel}","templated":true}]}}