{"id":27366,"date":"2021-06-16T18:26:58","date_gmt":"2021-06-16T18:26:58","guid":{"rendered":"http:\/\/casadastintasans.com.br\/?post_type=product&#038;p=27366"},"modified":"2023-01-04T18:42:35","modified_gmt":"2023-01-04T18:42:35","slug":"anjo-verniz-pu-anjocarbon-ms-750ml","status":"publish","type":"product","link":"https:\/\/casadastintasans.com.br\/index.php\/produto\/anjo-verniz-pu-anjocarbon-ms-750ml\/","title":{"rendered":"ANJO VERNIZ PU ANJOCARBON MS 750ml"},"content":{"rendered":"","protected":false},"excerpt":{"rendered":"<p class=\"text1 text-size-lvl-1\">Indicado para utiliza\u00e7\u00e3o sobre Anjodur Poli\u00e9ster e Anjomix Poli\u00e9ster para pintura geral, parcial ou retoques em ve\u00edculos automotivos. Possui \u00f3tima resist\u00eancia ao intemperismo, solidez e \u00f3tima reten\u00e7\u00e3o de brilho.<\/p>\n","protected":false},"featured_media":27367,"template":"","meta":[],"product_brand":[],"product_cat":[220,143],"product_tag":[],"class_list":{"0":"post-27366","1":"product","2":"type-product","3":"status-publish","4":"has-post-thumbnail","6":"product_cat-complemento-automotivo","7":"product_cat-linha-automotiva","9":"first","10":"instock","11":"shipping-taxable","12":"product-type-simple"},"aioseo_notices":[],"_links":{"self":[{"href":"https:\/\/casadastintasans.com.br\/index.php\/wp-json\/wp\/v2\/product\/27366","targetHints":{"allow":["GET"]}}],"collection":[{"href":"https:\/\/casadastintasans.com.br\/index.php\/wp-json\/wp\/v2\/product"}],"about":[{"href":"https:\/\/casadastintasans.com.br\/index.php\/wp-json\/wp\/v2\/types\/product"}],"wp:featuredmedia":[{"embeddable":true,"href":"https:\/\/casadastintasans.com.br\/index.php\/wp-json\/wp\/v2\/media\/27367"}],"wp:attachment":[{"href":"https:\/\/casadastintasans.com.br\/index.php\/wp-json\/wp\/v2\/media?parent=27366"}],"wp:term":[{"taxonomy":"product_brand","embeddable":true,"href":"https:\/\/casadastintasans.com.br\/index.php\/wp-json\/wp\/v2\/product_brand?post=27366"},{"taxonomy":"product_cat","embeddable":true,"href":"https:\/\/casadastintasans.com.br\/index.php\/wp-json\/wp\/v2\/product_cat?post=27366"},{"taxonomy":"product_tag","embeddable":true,"href":"https:\/\/casadastintasans.com.br\/index.php\/wp-json\/wp\/v2\/product_tag?post=27366"}],"curies":[{"name":"wp","href":"https:\/\/api.w.org\/{rel}","templated":true}]}}