{"id":27356,"date":"2021-06-16T18:13:55","date_gmt":"2021-06-16T18:13:55","guid":{"rendered":"http:\/\/casadastintasans.com.br\/?post_type=product&#038;p=27356"},"modified":"2023-01-04T18:44:58","modified_gmt":"2023-01-04T18:44:58","slug":"anjo-cola-plastica-se-serie-especial-1kg","status":"publish","type":"product","link":"https:\/\/casadastintasans.com.br\/index.php\/produto\/anjo-cola-plastica-se-serie-especial-1kg\/","title":{"rendered":"ANJO COLA PL\u00c1STICA SE &#8211; S\u00c9RIE ESPECIAL 1kg"},"content":{"rendered":"","protected":false},"excerpt":{"rendered":"<p class=\"text1 \">Cola Pl\u00e1stica para uso profissional. Extra macia, indicada para corre\u00e7\u00e3o de imperfei\u00e7\u00f5es em pintura automotiva. Indicada para nivelar ou corrigir imperfei\u00e7\u00f5es em repintura automotiva, pe\u00e7as met\u00e1licas, m\u00e1rmores, granitos.<\/p>\n","protected":false},"featured_media":27357,"template":"","meta":[],"product_brand":[],"product_cat":[220,143],"product_tag":[],"class_list":{"0":"post-27356","1":"product","2":"type-product","3":"status-publish","4":"has-post-thumbnail","6":"product_cat-complemento-automotivo","7":"product_cat-linha-automotiva","9":"first","10":"instock","11":"shipping-taxable","12":"product-type-simple"},"aioseo_notices":[],"_links":{"self":[{"href":"https:\/\/casadastintasans.com.br\/index.php\/wp-json\/wp\/v2\/product\/27356","targetHints":{"allow":["GET"]}}],"collection":[{"href":"https:\/\/casadastintasans.com.br\/index.php\/wp-json\/wp\/v2\/product"}],"about":[{"href":"https:\/\/casadastintasans.com.br\/index.php\/wp-json\/wp\/v2\/types\/product"}],"wp:featuredmedia":[{"embeddable":true,"href":"https:\/\/casadastintasans.com.br\/index.php\/wp-json\/wp\/v2\/media\/27357"}],"wp:attachment":[{"href":"https:\/\/casadastintasans.com.br\/index.php\/wp-json\/wp\/v2\/media?parent=27356"}],"wp:term":[{"taxonomy":"product_brand","embeddable":true,"href":"https:\/\/casadastintasans.com.br\/index.php\/wp-json\/wp\/v2\/product_brand?post=27356"},{"taxonomy":"product_cat","embeddable":true,"href":"https:\/\/casadastintasans.com.br\/index.php\/wp-json\/wp\/v2\/product_cat?post=27356"},{"taxonomy":"product_tag","embeddable":true,"href":"https:\/\/casadastintasans.com.br\/index.php\/wp-json\/wp\/v2\/product_tag?post=27356"}],"curies":[{"name":"wp","href":"https:\/\/api.w.org\/{rel}","templated":true}]}}