{"id":27354,"date":"2021-06-16T18:11:53","date_gmt":"2021-06-16T18:11:53","guid":{"rendered":"http:\/\/casadastintasans.com.br\/?post_type=product&#038;p=27354"},"modified":"2023-01-04T18:45:35","modified_gmt":"2023-01-04T18:45:35","slug":"anjo-cola-plastica-universal-400g","status":"publish","type":"product","link":"https:\/\/casadastintasans.com.br\/index.php\/produto\/anjo-cola-plastica-universal-400g\/","title":{"rendered":"ANJO COLA PL\u00c1STICA UNIVERSAL 400g"},"content":{"rendered":"","protected":false},"excerpt":{"rendered":"<p class=\"text1 \">Cola Pl\u00e1stica Universal para nivelar ou corrigir imperfei\u00e7\u00f5es em repintura automotiva, pe\u00e7as met\u00e1licas, m\u00e1rmores, granitos. Resultado profissional com secagem r\u00e1pida de at\u00e9 20 minutos, f\u00e1cil de aplicar e excelente lixamento.<\/p>\n","protected":false},"featured_media":27355,"template":"","meta":[],"product_brand":[],"product_cat":[220,143],"product_tag":[],"class_list":{"0":"post-27354","1":"product","2":"type-product","3":"status-publish","4":"has-post-thumbnail","6":"product_cat-complemento-automotivo","7":"product_cat-linha-automotiva","9":"first","10":"instock","11":"shipping-taxable","12":"product-type-simple"},"aioseo_notices":[],"_links":{"self":[{"href":"https:\/\/casadastintasans.com.br\/index.php\/wp-json\/wp\/v2\/product\/27354","targetHints":{"allow":["GET"]}}],"collection":[{"href":"https:\/\/casadastintasans.com.br\/index.php\/wp-json\/wp\/v2\/product"}],"about":[{"href":"https:\/\/casadastintasans.com.br\/index.php\/wp-json\/wp\/v2\/types\/product"}],"wp:featuredmedia":[{"embeddable":true,"href":"https:\/\/casadastintasans.com.br\/index.php\/wp-json\/wp\/v2\/media\/27355"}],"wp:attachment":[{"href":"https:\/\/casadastintasans.com.br\/index.php\/wp-json\/wp\/v2\/media?parent=27354"}],"wp:term":[{"taxonomy":"product_brand","embeddable":true,"href":"https:\/\/casadastintasans.com.br\/index.php\/wp-json\/wp\/v2\/product_brand?post=27354"},{"taxonomy":"product_cat","embeddable":true,"href":"https:\/\/casadastintasans.com.br\/index.php\/wp-json\/wp\/v2\/product_cat?post=27354"},{"taxonomy":"product_tag","embeddable":true,"href":"https:\/\/casadastintasans.com.br\/index.php\/wp-json\/wp\/v2\/product_tag?post=27354"}],"curies":[{"name":"wp","href":"https:\/\/api.w.org\/{rel}","templated":true}]}}