{"id":27352,"date":"2021-06-16T18:09:18","date_gmt":"2021-06-16T18:09:18","guid":{"rendered":"http:\/\/casadastintasans.com.br\/?post_type=product&#038;p=27352"},"modified":"2023-01-04T18:46:05","modified_gmt":"2023-01-04T18:46:05","slug":"anjo-massa-poliester-octano-fx-500g","status":"publish","type":"product","link":"https:\/\/casadastintasans.com.br\/index.php\/produto\/anjo-massa-poliester-octano-fx-500g\/","title":{"rendered":"ANJO MASSA POLI\u00c9STER OCTANO FX 500g"},"content":{"rendered":"","protected":false},"excerpt":{"rendered":"<p class=\"text1 text-size-lvl-1\">A Massa Poli\u00e9ster Octano FX \u00e9 um produto que oferece resultados muito acima da m\u00e9dia. Utilizada na repintura automotiva para corre\u00e7\u00f5es de imperfei\u00e7\u00f5es de superf\u00edcies ferrosas, galvanizadas, zincadas e alum\u00ednio, com lixamento da pe\u00e7a. Proporciona ader\u00eancia, enchimento e facilidade no lixamento. Uma massa super leve com enchimento perfeito: esta \u00e9 a nova Octano FX. Sua f\u00f3rmula especial permite nivelar e corrigir imperfei\u00e7\u00f5es com precis\u00e3o e praticidade \u00fanicas.<\/p>\n","protected":false},"featured_media":27353,"template":"","meta":[],"product_brand":[],"product_cat":[220,143],"product_tag":[],"class_list":{"0":"post-27352","1":"product","2":"type-product","3":"status-publish","4":"has-post-thumbnail","6":"product_cat-complemento-automotivo","7":"product_cat-linha-automotiva","9":"first","10":"instock","11":"shipping-taxable","12":"product-type-simple"},"aioseo_notices":[],"_links":{"self":[{"href":"https:\/\/casadastintasans.com.br\/index.php\/wp-json\/wp\/v2\/product\/27352","targetHints":{"allow":["GET"]}}],"collection":[{"href":"https:\/\/casadastintasans.com.br\/index.php\/wp-json\/wp\/v2\/product"}],"about":[{"href":"https:\/\/casadastintasans.com.br\/index.php\/wp-json\/wp\/v2\/types\/product"}],"wp:featuredmedia":[{"embeddable":true,"href":"https:\/\/casadastintasans.com.br\/index.php\/wp-json\/wp\/v2\/media\/27353"}],"wp:attachment":[{"href":"https:\/\/casadastintasans.com.br\/index.php\/wp-json\/wp\/v2\/media?parent=27352"}],"wp:term":[{"taxonomy":"product_brand","embeddable":true,"href":"https:\/\/casadastintasans.com.br\/index.php\/wp-json\/wp\/v2\/product_brand?post=27352"},{"taxonomy":"product_cat","embeddable":true,"href":"https:\/\/casadastintasans.com.br\/index.php\/wp-json\/wp\/v2\/product_cat?post=27352"},{"taxonomy":"product_tag","embeddable":true,"href":"https:\/\/casadastintasans.com.br\/index.php\/wp-json\/wp\/v2\/product_tag?post=27352"}],"curies":[{"name":"wp","href":"https:\/\/api.w.org\/{rel}","templated":true}]}}