{"id":27344,"date":"2021-06-16T17:59:02","date_gmt":"2021-06-16T17:59:02","guid":{"rendered":"http:\/\/casadastintasans.com.br\/?post_type=product&#038;p=27344"},"modified":"2023-01-04T18:49:35","modified_gmt":"2023-01-04T18:49:35","slug":"anjo-esmalte-sintetico-plus-36l","status":"publish","type":"product","link":"https:\/\/casadastintasans.com.br\/index.php\/produto\/anjo-esmalte-sintetico-plus-36l\/","title":{"rendered":"ANJO ESMALTE SINT\u00c9TICO PLUS 3,6L"},"content":{"rendered":"","protected":false},"excerpt":{"rendered":"<p class=\"text1 \">Produto monocomponente. Indicado para pintura de m\u00e1quinas industriais, implementos agr\u00edcolas, madeiras e pe\u00e7as met\u00e1licas em geral. Tinta acabamento a base de resinas alqu\u00eddicas com excelente acabamento e secagem r\u00e1pida<\/p>\n","protected":false},"featured_media":27345,"template":"","meta":[],"product_brand":[],"product_cat":[143,219],"product_tag":[],"class_list":{"0":"post-27344","1":"product","2":"type-product","3":"status-publish","4":"has-post-thumbnail","6":"product_cat-linha-automotiva","7":"product_cat-tintas-automotivas","9":"first","10":"instock","11":"shipping-taxable","12":"product-type-simple"},"aioseo_notices":[],"_links":{"self":[{"href":"https:\/\/casadastintasans.com.br\/index.php\/wp-json\/wp\/v2\/product\/27344","targetHints":{"allow":["GET"]}}],"collection":[{"href":"https:\/\/casadastintasans.com.br\/index.php\/wp-json\/wp\/v2\/product"}],"about":[{"href":"https:\/\/casadastintasans.com.br\/index.php\/wp-json\/wp\/v2\/types\/product"}],"wp:featuredmedia":[{"embeddable":true,"href":"https:\/\/casadastintasans.com.br\/index.php\/wp-json\/wp\/v2\/media\/27345"}],"wp:attachment":[{"href":"https:\/\/casadastintasans.com.br\/index.php\/wp-json\/wp\/v2\/media?parent=27344"}],"wp:term":[{"taxonomy":"product_brand","embeddable":true,"href":"https:\/\/casadastintasans.com.br\/index.php\/wp-json\/wp\/v2\/product_brand?post=27344"},{"taxonomy":"product_cat","embeddable":true,"href":"https:\/\/casadastintasans.com.br\/index.php\/wp-json\/wp\/v2\/product_cat?post=27344"},{"taxonomy":"product_tag","embeddable":true,"href":"https:\/\/casadastintasans.com.br\/index.php\/wp-json\/wp\/v2\/product_tag?post=27344"}],"curies":[{"name":"wp","href":"https:\/\/api.w.org\/{rel}","templated":true}]}}