{"id":27268,"date":"2021-06-11T19:44:00","date_gmt":"2021-06-11T19:44:00","guid":{"rendered":"http:\/\/casadastintasans.com.br\/?post_type=product&#038;p=27268"},"modified":"2021-06-11T20:10:47","modified_gmt":"2021-06-11T20:10:47","slug":"verniz-nitro-brilhante-sayerlack-36l","status":"publish","type":"product","link":"https:\/\/casadastintasans.com.br\/index.php\/produto\/verniz-nitro-brilhante-sayerlack-36l\/","title":{"rendered":"SAYERLACK VERNIZ NITRO BRILHANTE PROFISSIONAL  3,6L"},"content":{"rendered":"","protected":false},"excerpt":{"rendered":"<p>Indicado para acabamento em mesas, arm\u00e1rios embutidos, portas e m\u00f3veis em geral. F\u00e1cil de aplicar com secagem r\u00e1pida. Pode ser tingido com Topcolor Plus TEH 3501(cores) at\u00e9 5% ou com Tingilack XP 3000(cores) at\u00e9 2%<\/p>\n","protected":false},"featured_media":27269,"template":"","meta":[],"product_brand":[],"product_cat":[179,144,158,192,193],"product_tag":[],"class_list":{"0":"post-27268","1":"product","2":"type-product","3":"status-publish","4":"has-post-thumbnail","6":"product_cat-interior","7":"product_cat-linha-imobiliaria","8":"product_cat-madeiras","9":"product_cat-sayerlack","10":"product_cat-vernizes","12":"first","13":"instock","14":"shipping-taxable","15":"product-type-simple"},"aioseo_notices":[],"_links":{"self":[{"href":"https:\/\/casadastintasans.com.br\/index.php\/wp-json\/wp\/v2\/product\/27268","targetHints":{"allow":["GET"]}}],"collection":[{"href":"https:\/\/casadastintasans.com.br\/index.php\/wp-json\/wp\/v2\/product"}],"about":[{"href":"https:\/\/casadastintasans.com.br\/index.php\/wp-json\/wp\/v2\/types\/product"}],"wp:featuredmedia":[{"embeddable":true,"href":"https:\/\/casadastintasans.com.br\/index.php\/wp-json\/wp\/v2\/media\/27269"}],"wp:attachment":[{"href":"https:\/\/casadastintasans.com.br\/index.php\/wp-json\/wp\/v2\/media?parent=27268"}],"wp:term":[{"taxonomy":"product_brand","embeddable":true,"href":"https:\/\/casadastintasans.com.br\/index.php\/wp-json\/wp\/v2\/product_brand?post=27268"},{"taxonomy":"product_cat","embeddable":true,"href":"https:\/\/casadastintasans.com.br\/index.php\/wp-json\/wp\/v2\/product_cat?post=27268"},{"taxonomy":"product_tag","embeddable":true,"href":"https:\/\/casadastintasans.com.br\/index.php\/wp-json\/wp\/v2\/product_tag?post=27268"}],"curies":[{"name":"wp","href":"https:\/\/api.w.org\/{rel}","templated":true}]}}