{"id":27265,"date":"2021-06-11T19:26:51","date_gmt":"2021-06-11T19:26:51","guid":{"rendered":"http:\/\/casadastintasans.com.br\/?post_type=product&#038;p=27265"},"modified":"2021-06-11T19:39:32","modified_gmt":"2021-06-11T19:39:32","slug":"polisten-tingido-sayerlack-stain-impregnante-premium-36l","status":"publish","type":"product","link":"https:\/\/casadastintasans.com.br\/index.php\/produto\/polisten-tingido-sayerlack-stain-impregnante-premium-36l\/","title":{"rendered":"SAYERLACK POLISTEN IMPREGNANTE PREMIUM 3,6L"},"content":{"rendered":"","protected":false},"excerpt":{"rendered":"<p>Indicado para portas, port\u00f5es, janelas, esquadrias, cercas, lambris, casas pr\u00e9-fabricadas de madeira, m\u00f3veis de madeira para jardins e madeiras decorativas em geral, f\u00e1cil de aplicar, a\u00e7\u00e3o fungicida e inseticida, real\u00e7a os veios da madeira e durabilidade de at\u00e9 3 anos. Caso queira dar brilho ao acabamento recomendamos aplicar o Verniz Mar\u00edtimo Poliulack.<\/p>\n","protected":false},"featured_media":27266,"template":"","meta":[],"product_brand":[],"product_cat":[162,144,158,192,193],"product_tag":[],"class_list":{"0":"post-27265","1":"product","2":"type-product","3":"status-publish","4":"has-post-thumbnail","6":"product_cat-exterior","7":"product_cat-linha-imobiliaria","8":"product_cat-madeiras","9":"product_cat-sayerlack","10":"product_cat-vernizes","12":"first","13":"instock","14":"shipping-taxable","15":"product-type-simple"},"aioseo_notices":[],"_links":{"self":[{"href":"https:\/\/casadastintasans.com.br\/index.php\/wp-json\/wp\/v2\/product\/27265","targetHints":{"allow":["GET"]}}],"collection":[{"href":"https:\/\/casadastintasans.com.br\/index.php\/wp-json\/wp\/v2\/product"}],"about":[{"href":"https:\/\/casadastintasans.com.br\/index.php\/wp-json\/wp\/v2\/types\/product"}],"wp:featuredmedia":[{"embeddable":true,"href":"https:\/\/casadastintasans.com.br\/index.php\/wp-json\/wp\/v2\/media\/27266"}],"wp:attachment":[{"href":"https:\/\/casadastintasans.com.br\/index.php\/wp-json\/wp\/v2\/media?parent=27265"}],"wp:term":[{"taxonomy":"product_brand","embeddable":true,"href":"https:\/\/casadastintasans.com.br\/index.php\/wp-json\/wp\/v2\/product_brand?post=27265"},{"taxonomy":"product_cat","embeddable":true,"href":"https:\/\/casadastintasans.com.br\/index.php\/wp-json\/wp\/v2\/product_cat?post=27265"},{"taxonomy":"product_tag","embeddable":true,"href":"https:\/\/casadastintasans.com.br\/index.php\/wp-json\/wp\/v2\/product_tag?post=27265"}],"curies":[{"name":"wp","href":"https:\/\/api.w.org\/{rel}","templated":true}]}}