{"id":27251,"date":"2021-06-11T18:56:51","date_gmt":"2021-06-11T18:56:51","guid":{"rendered":"http:\/\/casadastintasans.com.br\/?post_type=product&#038;p=27251"},"modified":"2021-06-11T19:14:55","modified_gmt":"2021-06-11T19:14:55","slug":"sayerlack-polirex-36l","status":"publish","type":"product","link":"https:\/\/casadastintasans.com.br\/index.php\/produto\/sayerlack-polirex-36l\/","title":{"rendered":"Sayerlack Polirex VERNIZ RESTAURADOR PREMIUM 3,6L"},"content":{"rendered":"","protected":false},"excerpt":{"rendered":"<div class=\"textos\">\n<p class=\"descricao\">Indicado para acabamento de portas, batentes, beirais, janelas, esquadrias e madeiras decorativas em geral em exterior e interior. Verniz Restaurador com triplo filtro solar, renova, restaura e tinge a madeira, com a\u00e7\u00e3o fungicida e com durabilidade de at\u00e9 3 anos. Produto com \u00f3tima dureza em rela\u00e7\u00e3o aos produtos da sua classe.<\/p>\n<\/div>\n","protected":false},"featured_media":27253,"template":"","meta":[],"product_brand":[],"product_cat":[162,179,144,158,192,193],"product_tag":[],"class_list":{"0":"post-27251","1":"product","2":"type-product","3":"status-publish","4":"has-post-thumbnail","6":"product_cat-exterior","7":"product_cat-interior","8":"product_cat-linha-imobiliaria","9":"product_cat-madeiras","10":"product_cat-sayerlack","11":"product_cat-vernizes","13":"first","14":"instock","15":"shipping-taxable","16":"product-type-simple"},"aioseo_notices":[],"_links":{"self":[{"href":"https:\/\/casadastintasans.com.br\/index.php\/wp-json\/wp\/v2\/product\/27251","targetHints":{"allow":["GET"]}}],"collection":[{"href":"https:\/\/casadastintasans.com.br\/index.php\/wp-json\/wp\/v2\/product"}],"about":[{"href":"https:\/\/casadastintasans.com.br\/index.php\/wp-json\/wp\/v2\/types\/product"}],"wp:featuredmedia":[{"embeddable":true,"href":"https:\/\/casadastintasans.com.br\/index.php\/wp-json\/wp\/v2\/media\/27253"}],"wp:attachment":[{"href":"https:\/\/casadastintasans.com.br\/index.php\/wp-json\/wp\/v2\/media?parent=27251"}],"wp:term":[{"taxonomy":"product_brand","embeddable":true,"href":"https:\/\/casadastintasans.com.br\/index.php\/wp-json\/wp\/v2\/product_brand?post=27251"},{"taxonomy":"product_cat","embeddable":true,"href":"https:\/\/casadastintasans.com.br\/index.php\/wp-json\/wp\/v2\/product_cat?post=27251"},{"taxonomy":"product_tag","embeddable":true,"href":"https:\/\/casadastintasans.com.br\/index.php\/wp-json\/wp\/v2\/product_tag?post=27251"}],"curies":[{"name":"wp","href":"https:\/\/api.w.org\/{rel}","templated":true}]}}