{"id":27206,"date":"2021-06-09T17:43:15","date_gmt":"2021-06-09T17:43:15","guid":{"rendered":"http:\/\/casadastintasans.com.br\/?post_type=product&#038;p=27206"},"modified":"2021-06-22T18:04:29","modified_gmt":"2021-06-22T18:04:29","slug":"coral-massa-acrilica-25kg","status":"publish","type":"product","link":"https:\/\/casadastintasans.com.br\/index.php\/produto\/coral-massa-acrilica-25kg\/","title":{"rendered":"CORAL MASSA ACR\u00cdLICA 25kg"},"content":{"rendered":"","protected":false},"excerpt":{"rendered":"<p>Para proteger e manter sua pintura bonita e nova por muito mais tempo \u00e9 necess\u00e1rio fazer uma boa prepara\u00e7\u00e3o da superf\u00edcie A Massa Acr\u00edlica Coral \u00e9 indicada para uniformizar, nivelar e corrigir pequenas imperfei\u00e7\u00f5es em superf\u00edcies externas e internas de alvenaria e concreto. Com alto poder de preenchimento, \u00f3tima ader\u00eancia, \u00e9 f\u00e1cil de lixar e aplicar, al\u00e9m de possuir secagem r\u00e1pida, elevada consist\u00eancia, excelente resist\u00eancia \u00e0 alcalinidade e \u00e0 intemp\u00e9rie.<\/p>\n","protected":false},"featured_media":27207,"template":"","meta":[],"product_brand":[],"product_cat":[189,155,144],"product_tag":[],"class_list":{"0":"post-27206","1":"product","2":"type-product","3":"status-publish","4":"has-post-thumbnail","6":"product_cat-complementos","7":"product_cat-coral","8":"product_cat-linha-imobiliaria","10":"first","11":"instock","12":"shipping-taxable","13":"product-type-simple"},"aioseo_notices":[],"_links":{"self":[{"href":"https:\/\/casadastintasans.com.br\/index.php\/wp-json\/wp\/v2\/product\/27206","targetHints":{"allow":["GET"]}}],"collection":[{"href":"https:\/\/casadastintasans.com.br\/index.php\/wp-json\/wp\/v2\/product"}],"about":[{"href":"https:\/\/casadastintasans.com.br\/index.php\/wp-json\/wp\/v2\/types\/product"}],"wp:featuredmedia":[{"embeddable":true,"href":"https:\/\/casadastintasans.com.br\/index.php\/wp-json\/wp\/v2\/media\/27207"}],"wp:attachment":[{"href":"https:\/\/casadastintasans.com.br\/index.php\/wp-json\/wp\/v2\/media?parent=27206"}],"wp:term":[{"taxonomy":"product_brand","embeddable":true,"href":"https:\/\/casadastintasans.com.br\/index.php\/wp-json\/wp\/v2\/product_brand?post=27206"},{"taxonomy":"product_cat","embeddable":true,"href":"https:\/\/casadastintasans.com.br\/index.php\/wp-json\/wp\/v2\/product_cat?post=27206"},{"taxonomy":"product_tag","embeddable":true,"href":"https:\/\/casadastintasans.com.br\/index.php\/wp-json\/wp\/v2\/product_tag?post=27206"}],"curies":[{"name":"wp","href":"https:\/\/api.w.org\/{rel}","templated":true}]}}