{"id":27199,"date":"2021-06-09T17:16:50","date_gmt":"2021-06-09T17:16:50","guid":{"rendered":"http:\/\/casadastintasans.com.br\/?post_type=product&#038;p=27199"},"modified":"2021-06-11T19:15:32","modified_gmt":"2021-06-11T19:15:32","slug":"sparlack-cetol-stain-balance-36l","status":"publish","type":"product","link":"https:\/\/casadastintasans.com.br\/index.php\/produto\/sparlack-cetol-stain-balance-36l\/","title":{"rendered":"Sparlack Cetol Stain Balance 3,6L"},"content":{"rendered":"","protected":false},"excerpt":{"rendered":"<p>Sparlack Cetol Stain Balance \u00e9 um protetor el\u00e1stico impregnante, que n\u00e3o trinca e n\u00e3o descasca. Real\u00e7a os veios da madeira. Durabilidade de 3 anos (a durabilidade pode ser inferior para a cor Incolor UV Glass). Com tecnologia Balance (pronto para uso, seca r\u00e1pido e n\u00e3o deixa cheiro). Prote\u00e7\u00e3o m\u00e1xima para madeiras expostas ao sol, \u00e0 chuva e prote\u00e7\u00e3o contra radia\u00e7\u00e3o UV. Sua f\u00f3rmula penetra fundo na madeira, tratando e real\u00e7ando a beleza natural dos seus veios.<\/p>\n","protected":false},"featured_media":27200,"template":"","meta":[],"product_brand":[],"product_cat":[155,162,179,144,158,194,193],"product_tag":[],"class_list":{"0":"post-27199","1":"product","2":"type-product","3":"status-publish","4":"has-post-thumbnail","6":"product_cat-coral","7":"product_cat-exterior","8":"product_cat-interior","9":"product_cat-linha-imobiliaria","10":"product_cat-madeiras","11":"product_cat-sparlack","12":"product_cat-vernizes","14":"first","15":"instock","16":"shipping-taxable","17":"product-type-simple"},"aioseo_notices":[],"_links":{"self":[{"href":"https:\/\/casadastintasans.com.br\/index.php\/wp-json\/wp\/v2\/product\/27199","targetHints":{"allow":["GET"]}}],"collection":[{"href":"https:\/\/casadastintasans.com.br\/index.php\/wp-json\/wp\/v2\/product"}],"about":[{"href":"https:\/\/casadastintasans.com.br\/index.php\/wp-json\/wp\/v2\/types\/product"}],"wp:featuredmedia":[{"embeddable":true,"href":"https:\/\/casadastintasans.com.br\/index.php\/wp-json\/wp\/v2\/media\/27200"}],"wp:attachment":[{"href":"https:\/\/casadastintasans.com.br\/index.php\/wp-json\/wp\/v2\/media?parent=27199"}],"wp:term":[{"taxonomy":"product_brand","embeddable":true,"href":"https:\/\/casadastintasans.com.br\/index.php\/wp-json\/wp\/v2\/product_brand?post=27199"},{"taxonomy":"product_cat","embeddable":true,"href":"https:\/\/casadastintasans.com.br\/index.php\/wp-json\/wp\/v2\/product_cat?post=27199"},{"taxonomy":"product_tag","embeddable":true,"href":"https:\/\/casadastintasans.com.br\/index.php\/wp-json\/wp\/v2\/product_tag?post=27199"}],"curies":[{"name":"wp","href":"https:\/\/api.w.org\/{rel}","templated":true}]}}