{"id":27193,"date":"2021-06-07T20:17:21","date_gmt":"2021-06-07T20:17:21","guid":{"rendered":"http:\/\/casadastintasans.com.br\/?post_type=product&#038;p=27193"},"modified":"2021-06-11T19:16:18","modified_gmt":"2021-06-11T19:16:18","slug":"sparlack-cetol-stain-36l","status":"publish","type":"product","link":"https:\/\/casadastintasans.com.br\/index.php\/produto\/sparlack-cetol-stain-36l\/","title":{"rendered":"Sparlack Cetol Stain 3,6L"},"content":{"rendered":"","protected":false},"excerpt":{"rendered":"<p>Sparlack Cetol Stain \u00e9 um protetor el\u00e1stico impregnante, que n\u00e3o trinca e n\u00e3o descasca. Real\u00e7a os veios da madeira. Durabilidade de 3 anos (a durabilidade pode ser inferior para a cor Incolor UV Glass). Prote\u00e7\u00e3o m\u00e1xima para madeiras expostas ao sol, \u00e0 chuva e prote\u00e7\u00e3o contra radia\u00e7\u00e3o UV. Sua f\u00f3rmula penetra fundo na madeira, tratando e real\u00e7ando a beleza natural dos seus veios<\/p>\n","protected":false},"featured_media":27194,"template":"","meta":[],"product_brand":[],"product_cat":[155,162,144,158,194,193],"product_tag":[],"class_list":{"0":"post-27193","1":"product","2":"type-product","3":"status-publish","4":"has-post-thumbnail","6":"product_cat-coral","7":"product_cat-exterior","8":"product_cat-linha-imobiliaria","9":"product_cat-madeiras","10":"product_cat-sparlack","11":"product_cat-vernizes","13":"first","14":"instock","15":"shipping-taxable","16":"product-type-simple"},"aioseo_notices":[],"_links":{"self":[{"href":"https:\/\/casadastintasans.com.br\/index.php\/wp-json\/wp\/v2\/product\/27193","targetHints":{"allow":["GET"]}}],"collection":[{"href":"https:\/\/casadastintasans.com.br\/index.php\/wp-json\/wp\/v2\/product"}],"about":[{"href":"https:\/\/casadastintasans.com.br\/index.php\/wp-json\/wp\/v2\/types\/product"}],"wp:featuredmedia":[{"embeddable":true,"href":"https:\/\/casadastintasans.com.br\/index.php\/wp-json\/wp\/v2\/media\/27194"}],"wp:attachment":[{"href":"https:\/\/casadastintasans.com.br\/index.php\/wp-json\/wp\/v2\/media?parent=27193"}],"wp:term":[{"taxonomy":"product_brand","embeddable":true,"href":"https:\/\/casadastintasans.com.br\/index.php\/wp-json\/wp\/v2\/product_brand?post=27193"},{"taxonomy":"product_cat","embeddable":true,"href":"https:\/\/casadastintasans.com.br\/index.php\/wp-json\/wp\/v2\/product_cat?post=27193"},{"taxonomy":"product_tag","embeddable":true,"href":"https:\/\/casadastintasans.com.br\/index.php\/wp-json\/wp\/v2\/product_tag?post=27193"}],"curies":[{"name":"wp","href":"https:\/\/api.w.org\/{rel}","templated":true}]}}