{"id":27189,"date":"2021-06-07T20:07:39","date_gmt":"2021-06-07T20:07:39","guid":{"rendered":"http:\/\/casadastintasans.com.br\/?post_type=product&#038;p=27189"},"modified":"2021-06-11T19:17:53","modified_gmt":"2021-06-11T19:17:53","slug":"sparlack-cetol-classic-36l","status":"publish","type":"product","link":"https:\/\/casadastintasans.com.br\/index.php\/produto\/sparlack-cetol-classic-36l\/","title":{"rendered":"Sparlack Cetol Classic 3,6L"},"content":{"rendered":"","protected":false},"excerpt":{"rendered":"<p>Cetol Classic \u00e9 um ultra protetor el\u00e1stico, que n\u00e3o trinca e n\u00e3o descasca. Durabilidade de 6 anos. Prote\u00e7\u00e3o m\u00e1xima para madeiras expostas ao sol e \u00e0 chuva e com a\u00e7\u00e3o contra fungos e bolor. Forma uma pel\u00edcula el\u00e1stica, capaz de acompanhar os movimentos naturais de dilata\u00e7\u00e3o e contra\u00e7\u00e3o da madeira. Fissuras, trincas e rachaduras que aparecem na estrutura da madeira n\u00e3o se enquadram como movimentos naturais. Nesses casos, Cetol Classic n\u00e3o \u00e9 capaz de acompanhar as deforma\u00e7\u00f5es da superf\u00edcie.<\/p>\n","protected":false},"featured_media":27190,"template":"","meta":[],"product_brand":[],"product_cat":[155,162,144,158,194,193],"product_tag":[],"class_list":{"0":"post-27189","1":"product","2":"type-product","3":"status-publish","4":"has-post-thumbnail","6":"product_cat-coral","7":"product_cat-exterior","8":"product_cat-linha-imobiliaria","9":"product_cat-madeiras","10":"product_cat-sparlack","11":"product_cat-vernizes","13":"first","14":"instock","15":"shipping-taxable","16":"product-type-simple"},"aioseo_notices":[],"_links":{"self":[{"href":"https:\/\/casadastintasans.com.br\/index.php\/wp-json\/wp\/v2\/product\/27189","targetHints":{"allow":["GET"]}}],"collection":[{"href":"https:\/\/casadastintasans.com.br\/index.php\/wp-json\/wp\/v2\/product"}],"about":[{"href":"https:\/\/casadastintasans.com.br\/index.php\/wp-json\/wp\/v2\/types\/product"}],"wp:featuredmedia":[{"embeddable":true,"href":"https:\/\/casadastintasans.com.br\/index.php\/wp-json\/wp\/v2\/media\/27190"}],"wp:attachment":[{"href":"https:\/\/casadastintasans.com.br\/index.php\/wp-json\/wp\/v2\/media?parent=27189"}],"wp:term":[{"taxonomy":"product_brand","embeddable":true,"href":"https:\/\/casadastintasans.com.br\/index.php\/wp-json\/wp\/v2\/product_brand?post=27189"},{"taxonomy":"product_cat","embeddable":true,"href":"https:\/\/casadastintasans.com.br\/index.php\/wp-json\/wp\/v2\/product_cat?post=27189"},{"taxonomy":"product_tag","embeddable":true,"href":"https:\/\/casadastintasans.com.br\/index.php\/wp-json\/wp\/v2\/product_tag?post=27189"}],"curies":[{"name":"wp","href":"https:\/\/api.w.org\/{rel}","templated":true}]}}