{"id":27185,"date":"2021-06-07T19:56:03","date_gmt":"2021-06-07T19:56:03","guid":{"rendered":"http:\/\/casadastintasans.com.br\/?post_type=product&#038;p=27185"},"modified":"2021-06-11T19:19:05","modified_gmt":"2021-06-11T19:19:05","slug":"cetol-deck-antideslizante-36l","status":"publish","type":"product","link":"https:\/\/casadastintasans.com.br\/index.php\/produto\/cetol-deck-antideslizante-36l\/","title":{"rendered":"Cetol Deck Antideslizante 3,6L"},"content":{"rendered":"","protected":false},"excerpt":{"rendered":"<p>Cetol Deck Antideslizante \u00e9 um ultra protetor el\u00e1stico, que n\u00e3o trinca e n\u00e3o descasca. Cont\u00e9m microesferas antideslizantes que oferecem maior seguran\u00e7a e ader\u00eancia em pisos molhados. Durabilidade de 6 anos. Prote\u00e7\u00e3o m\u00e1xima para madeiras expostas ao sol e \u00e0 chuva e com a\u00e7\u00e3o contra fungos e bolor. Forma uma pel\u00edcula el\u00e1stica, capaz de acompanhar os\u00a0 movimentos naturais de dilata\u00e7\u00e3o e contra\u00e7\u00e3o da madeira. Fissuras, trincas e rachaduras que aparecem na estrutura da madeira n\u00e3o se enquadram como movimentos naturais. Nesses casos, Cetol Deck Antideslizante n\u00e3o \u00e9 capaz de acompanhar as deforma\u00e7\u00f5es da superf\u00edcie.<\/p>\n","protected":false},"featured_media":27186,"template":"","meta":[],"product_brand":[],"product_cat":[155,162,144,158,160,194,193],"product_tag":[],"class_list":{"0":"post-27185","1":"product","2":"type-product","3":"status-publish","4":"has-post-thumbnail","6":"product_cat-coral","7":"product_cat-exterior","8":"product_cat-linha-imobiliaria","9":"product_cat-madeiras","10":"product_cat-outras-superficies","11":"product_cat-sparlack","12":"product_cat-vernizes","14":"first","15":"instock","16":"shipping-taxable","17":"product-type-simple"},"aioseo_notices":[],"_links":{"self":[{"href":"https:\/\/casadastintasans.com.br\/index.php\/wp-json\/wp\/v2\/product\/27185","targetHints":{"allow":["GET"]}}],"collection":[{"href":"https:\/\/casadastintasans.com.br\/index.php\/wp-json\/wp\/v2\/product"}],"about":[{"href":"https:\/\/casadastintasans.com.br\/index.php\/wp-json\/wp\/v2\/types\/product"}],"wp:featuredmedia":[{"embeddable":true,"href":"https:\/\/casadastintasans.com.br\/index.php\/wp-json\/wp\/v2\/media\/27186"}],"wp:attachment":[{"href":"https:\/\/casadastintasans.com.br\/index.php\/wp-json\/wp\/v2\/media?parent=27185"}],"wp:term":[{"taxonomy":"product_brand","embeddable":true,"href":"https:\/\/casadastintasans.com.br\/index.php\/wp-json\/wp\/v2\/product_brand?post=27185"},{"taxonomy":"product_cat","embeddable":true,"href":"https:\/\/casadastintasans.com.br\/index.php\/wp-json\/wp\/v2\/product_cat?post=27185"},{"taxonomy":"product_tag","embeddable":true,"href":"https:\/\/casadastintasans.com.br\/index.php\/wp-json\/wp\/v2\/product_tag?post=27185"}],"curies":[{"name":"wp","href":"https:\/\/api.w.org\/{rel}","templated":true}]}}