{"id":27181,"date":"2021-06-07T18:52:43","date_gmt":"2021-06-07T18:52:43","guid":{"rendered":"http:\/\/casadastintasans.com.br\/?post_type=product&#038;p=27181"},"modified":"2021-06-22T20:20:19","modified_gmt":"2021-06-22T20:20:19","slug":"coral-rende-muito-18l","status":"publish","type":"product","link":"https:\/\/casadastintasans.com.br\/index.php\/produto\/coral-rende-muito-18l\/","title":{"rendered":"CORAL RENDE MUITO 18L"},"content":{"rendered":"<p><img decoding=\"async\" id=\"tgpli-60be6b261cf3b\" class=\"alignnone wp-image-26868\" src=\"http:\/\/casadastintasans.com.br\/wp-content\/uploads\/2021\/05\/banner_home_leque-1-300x169.jpg\" alt=\"\" width=\"496\" height=\"279\" data-tgpli-src=\"http:\/\/casadastintasans.com.br\/wp-content\/uploads\/2021\/05\/banner_home_leque-1-300x169.jpg\" data-tgpli-inited=\"\" \/><\/p>\n<h4 class=\"ts2 tc-grey\">ESCOLHA A COR DA TINTA<\/h4>\n<div class=\"title-h6\">CONFIRA AS OP\u00c7\u00d5ES DISPON\u00cdVEIS E ESCOLHA A COR CERTA PARA CADA AMBIENTE. AS CORES S\u00c3O APENAS APROXIMA\u00c7\u00d5ES E VARIAM DA COR ORIGINAL E DE MONITOR PARA MONITOR.<\/div>\n","protected":false},"excerpt":{"rendered":"<div class=\"woocommerce-product-details__short-description\">\n<p>Coral Rende Muito \u00e9 a tinta concentrada de alto rendimento que voc\u00ea j\u00e1 conhece e con\ufb01a. Sua exclusiva tecnologia Tixoplus proporciona alta dilui\u00e7\u00e3o de 50% at\u00e9 80% de \u00e1gua, para uma pintura com \u00f3tima cobertura e baixo odor. Rende at\u00e9 170 m\u00b2 acabados por embalagem de 18L.<\/p>\n<\/div>\n<div class=\"socials-sharing socials socials-colored-hover \"><\/div>\n","protected":false},"featured_media":27182,"template":"","meta":[],"product_brand":[],"product_cat":[155,162,179,144,187],"product_tag":[],"class_list":{"0":"post-27181","1":"product","2":"type-product","3":"status-publish","4":"has-post-thumbnail","6":"product_cat-coral","7":"product_cat-exterior","8":"product_cat-interior","9":"product_cat-linha-imobiliaria","10":"product_cat-pisos","12":"first","13":"instock","14":"shipping-taxable","15":"product-type-simple"},"aioseo_notices":[],"_links":{"self":[{"href":"https:\/\/casadastintasans.com.br\/index.php\/wp-json\/wp\/v2\/product\/27181","targetHints":{"allow":["GET"]}}],"collection":[{"href":"https:\/\/casadastintasans.com.br\/index.php\/wp-json\/wp\/v2\/product"}],"about":[{"href":"https:\/\/casadastintasans.com.br\/index.php\/wp-json\/wp\/v2\/types\/product"}],"wp:featuredmedia":[{"embeddable":true,"href":"https:\/\/casadastintasans.com.br\/index.php\/wp-json\/wp\/v2\/media\/27182"}],"wp:attachment":[{"href":"https:\/\/casadastintasans.com.br\/index.php\/wp-json\/wp\/v2\/media?parent=27181"}],"wp:term":[{"taxonomy":"product_brand","embeddable":true,"href":"https:\/\/casadastintasans.com.br\/index.php\/wp-json\/wp\/v2\/product_brand?post=27181"},{"taxonomy":"product_cat","embeddable":true,"href":"https:\/\/casadastintasans.com.br\/index.php\/wp-json\/wp\/v2\/product_cat?post=27181"},{"taxonomy":"product_tag","embeddable":true,"href":"https:\/\/casadastintasans.com.br\/index.php\/wp-json\/wp\/v2\/product_tag?post=27181"}],"curies":[{"name":"wp","href":"https:\/\/api.w.org\/{rel}","templated":true}]}}