{"id":27150,"date":"2021-06-05T13:43:08","date_gmt":"2021-06-05T13:43:08","guid":{"rendered":"http:\/\/casadastintasans.com.br\/?post_type=product&#038;p=27150"},"modified":"2021-06-05T14:04:32","modified_gmt":"2021-06-05T14:04:32","slug":"sika-monotop-123-rodape-12kg","status":"publish","type":"product","link":"https:\/\/casadastintasans.com.br\/index.php\/produto\/sika-monotop-123-rodape-12kg\/","title":{"rendered":"Sika Rodap\u00e9 12kg"},"content":{"rendered":"","protected":false},"excerpt":{"rendered":"<div class=\"cmp-product__description cmp-font--light\">\n<div class=\"cmp-text\">\n<p class=\"cmp-text__paragraph line-clamp_readmore\" data-read-more=\"Ler mais (+)\" data-read-less=\"Ler menos (-)\">Sika MonoTop\u00ae-123 Rodap\u00e9 \u00e9 um impermeabilizante, f\u00e1cil de usar e preparar, bastando adicionar \u00e1gua, sendo indicado para o tratamento de umidade em rodap\u00e9 de paredes.<\/p>\n<\/div>\n<\/div>\n<div class=\"cmp-product__attributes\"><\/div>\n","protected":false},"featured_media":27152,"template":"","meta":[],"product_brand":[],"product_cat":[144,190,191],"product_tag":[],"class_list":{"0":"post-27150","1":"product","2":"type-product","3":"status-publish","4":"has-post-thumbnail","6":"product_cat-linha-imobiliaria","7":"product_cat-selanteseimpermeabilizante","8":"product_cat-sika","10":"first","11":"instock","12":"shipping-taxable","13":"product-type-simple"},"aioseo_notices":[],"_links":{"self":[{"href":"https:\/\/casadastintasans.com.br\/index.php\/wp-json\/wp\/v2\/product\/27150","targetHints":{"allow":["GET"]}}],"collection":[{"href":"https:\/\/casadastintasans.com.br\/index.php\/wp-json\/wp\/v2\/product"}],"about":[{"href":"https:\/\/casadastintasans.com.br\/index.php\/wp-json\/wp\/v2\/types\/product"}],"wp:featuredmedia":[{"embeddable":true,"href":"https:\/\/casadastintasans.com.br\/index.php\/wp-json\/wp\/v2\/media\/27152"}],"wp:attachment":[{"href":"https:\/\/casadastintasans.com.br\/index.php\/wp-json\/wp\/v2\/media?parent=27150"}],"wp:term":[{"taxonomy":"product_brand","embeddable":true,"href":"https:\/\/casadastintasans.com.br\/index.php\/wp-json\/wp\/v2\/product_brand?post=27150"},{"taxonomy":"product_cat","embeddable":true,"href":"https:\/\/casadastintasans.com.br\/index.php\/wp-json\/wp\/v2\/product_cat?post=27150"},{"taxonomy":"product_tag","embeddable":true,"href":"https:\/\/casadastintasans.com.br\/index.php\/wp-json\/wp\/v2\/product_tag?post=27150"}],"curies":[{"name":"wp","href":"https:\/\/api.w.org\/{rel}","templated":true}]}}