{"id":27148,"date":"2021-06-05T12:57:01","date_gmt":"2021-06-05T12:57:01","guid":{"rendered":"http:\/\/casadastintasans.com.br\/?post_type=product&#038;p=27148"},"modified":"2021-06-05T12:57:01","modified_gmt":"2021-06-05T12:57:01","slug":"sikanol-alvenaria-18l","status":"publish","type":"product","link":"https:\/\/casadastintasans.com.br\/index.php\/produto\/sikanol-alvenaria-18l\/","title":{"rendered":"Sikanol  Alvenaria 18L"},"content":{"rendered":"","protected":false},"excerpt":{"rendered":"<div class=\"cmp-product__description cmp-font--light\">\n<div class=\"cmp-text\">\n<p class=\"cmp-text__paragraph line-clamp_readmore\" data-read-more=\"Ler mais (+)\" data-read-less=\"Ler menos (-)\">Sikanol\u00ae Alvenaria \u00e9 um aditivo de base sint\u00e9tica concentrado que proporciona \u00e0s argamassas frescas \u00f3tima liga e efeitos altamente plastificantes e estabilizadores, tornando-as com consist\u00eancia mais pl\u00e1stica e com constante lubrifica\u00e7\u00e3o.<\/p>\n<\/div>\n<\/div>\n<div class=\"cmp-product__attributes\"><\/div>\n","protected":false},"featured_media":27149,"template":"","meta":[],"product_brand":[],"product_cat":[144,190,191],"product_tag":[],"class_list":{"0":"post-27148","1":"product","2":"type-product","3":"status-publish","4":"has-post-thumbnail","6":"product_cat-linha-imobiliaria","7":"product_cat-selanteseimpermeabilizante","8":"product_cat-sika","10":"first","11":"instock","12":"shipping-taxable","13":"product-type-simple"},"aioseo_notices":[],"_links":{"self":[{"href":"https:\/\/casadastintasans.com.br\/index.php\/wp-json\/wp\/v2\/product\/27148","targetHints":{"allow":["GET"]}}],"collection":[{"href":"https:\/\/casadastintasans.com.br\/index.php\/wp-json\/wp\/v2\/product"}],"about":[{"href":"https:\/\/casadastintasans.com.br\/index.php\/wp-json\/wp\/v2\/types\/product"}],"wp:featuredmedia":[{"embeddable":true,"href":"https:\/\/casadastintasans.com.br\/index.php\/wp-json\/wp\/v2\/media\/27149"}],"wp:attachment":[{"href":"https:\/\/casadastintasans.com.br\/index.php\/wp-json\/wp\/v2\/media?parent=27148"}],"wp:term":[{"taxonomy":"product_brand","embeddable":true,"href":"https:\/\/casadastintasans.com.br\/index.php\/wp-json\/wp\/v2\/product_brand?post=27148"},{"taxonomy":"product_cat","embeddable":true,"href":"https:\/\/casadastintasans.com.br\/index.php\/wp-json\/wp\/v2\/product_cat?post=27148"},{"taxonomy":"product_tag","embeddable":true,"href":"https:\/\/casadastintasans.com.br\/index.php\/wp-json\/wp\/v2\/product_tag?post=27148"}],"curies":[{"name":"wp","href":"https:\/\/api.w.org\/{rel}","templated":true}]}}