{"id":27135,"date":"2021-06-05T12:18:38","date_gmt":"2021-06-05T12:18:38","guid":{"rendered":"http:\/\/casadastintasans.com.br\/?post_type=product&#038;p=27135"},"modified":"2021-06-05T12:42:19","modified_gmt":"2021-06-05T12:42:19","slug":"igol-asfalto-eco-18kg","status":"publish","type":"product","link":"https:\/\/casadastintasans.com.br\/index.php\/produto\/igol-asfalto-eco-18kg\/","title":{"rendered":"Igol  Asfalto ECO  18L"},"content":{"rendered":"","protected":false},"excerpt":{"rendered":"<p><strong>Igol\u00ae ECO Asfalto<\/strong>\u00a0\u00e9 uma tinta a base de asfalto dispersa em \u00e1gua, monocomponente, que apresenta a vantagem de poder ser aplicado em superf\u00edcies \u00famidas e secas, de f\u00e1cil aplica\u00e7\u00e3o e alto rendimento.<\/p>\n","protected":false},"featured_media":27136,"template":"","meta":[],"product_brand":[],"product_cat":[144,190,191],"product_tag":[],"class_list":{"0":"post-27135","1":"product","2":"type-product","3":"status-publish","4":"has-post-thumbnail","6":"product_cat-linha-imobiliaria","7":"product_cat-selanteseimpermeabilizante","8":"product_cat-sika","10":"first","11":"instock","12":"shipping-taxable","13":"product-type-simple"},"aioseo_notices":[],"_links":{"self":[{"href":"https:\/\/casadastintasans.com.br\/index.php\/wp-json\/wp\/v2\/product\/27135","targetHints":{"allow":["GET"]}}],"collection":[{"href":"https:\/\/casadastintasans.com.br\/index.php\/wp-json\/wp\/v2\/product"}],"about":[{"href":"https:\/\/casadastintasans.com.br\/index.php\/wp-json\/wp\/v2\/types\/product"}],"wp:featuredmedia":[{"embeddable":true,"href":"https:\/\/casadastintasans.com.br\/index.php\/wp-json\/wp\/v2\/media\/27136"}],"wp:attachment":[{"href":"https:\/\/casadastintasans.com.br\/index.php\/wp-json\/wp\/v2\/media?parent=27135"}],"wp:term":[{"taxonomy":"product_brand","embeddable":true,"href":"https:\/\/casadastintasans.com.br\/index.php\/wp-json\/wp\/v2\/product_brand?post=27135"},{"taxonomy":"product_cat","embeddable":true,"href":"https:\/\/casadastintasans.com.br\/index.php\/wp-json\/wp\/v2\/product_cat?post=27135"},{"taxonomy":"product_tag","embeddable":true,"href":"https:\/\/casadastintasans.com.br\/index.php\/wp-json\/wp\/v2\/product_tag?post=27135"}],"curies":[{"name":"wp","href":"https:\/\/api.w.org\/{rel}","templated":true}]}}