{"id":27133,"date":"2021-06-05T12:13:55","date_gmt":"2021-06-05T12:13:55","guid":{"rendered":"http:\/\/casadastintasans.com.br\/?post_type=product&#038;p=27133"},"modified":"2021-06-05T12:42:56","modified_gmt":"2021-06-05T12:42:56","slug":"igol-s-18l","status":"publish","type":"product","link":"https:\/\/casadastintasans.com.br\/index.php\/produto\/igol-s-18l\/","title":{"rendered":"Igol  S 18L"},"content":{"rendered":"","protected":false},"excerpt":{"rendered":"<p>Igol\u00ae S \u00e9 um impermeabilizante a base de asfaltos dilu\u00eddos em solvente, monocomponente, para impermeabiliza\u00e7\u00e3o de concreto, alvenaria, madeira e para prote\u00e7\u00e3o de elementos met\u00e1licos. Tamb\u00e9m \u00e9 indicado como primer nas impermeabiliza\u00e7\u00f5es com manta asf\u00e1ltica.<\/p>\n","protected":false},"featured_media":27134,"template":"","meta":[],"product_brand":[],"product_cat":[144,190,191],"product_tag":[],"class_list":{"0":"post-27133","1":"product","2":"type-product","3":"status-publish","4":"has-post-thumbnail","6":"product_cat-linha-imobiliaria","7":"product_cat-selanteseimpermeabilizante","8":"product_cat-sika","10":"first","11":"instock","12":"shipping-taxable","13":"product-type-simple"},"aioseo_notices":[],"_links":{"self":[{"href":"https:\/\/casadastintasans.com.br\/index.php\/wp-json\/wp\/v2\/product\/27133","targetHints":{"allow":["GET"]}}],"collection":[{"href":"https:\/\/casadastintasans.com.br\/index.php\/wp-json\/wp\/v2\/product"}],"about":[{"href":"https:\/\/casadastintasans.com.br\/index.php\/wp-json\/wp\/v2\/types\/product"}],"wp:featuredmedia":[{"embeddable":true,"href":"https:\/\/casadastintasans.com.br\/index.php\/wp-json\/wp\/v2\/media\/27134"}],"wp:attachment":[{"href":"https:\/\/casadastintasans.com.br\/index.php\/wp-json\/wp\/v2\/media?parent=27133"}],"wp:term":[{"taxonomy":"product_brand","embeddable":true,"href":"https:\/\/casadastintasans.com.br\/index.php\/wp-json\/wp\/v2\/product_brand?post=27133"},{"taxonomy":"product_cat","embeddable":true,"href":"https:\/\/casadastintasans.com.br\/index.php\/wp-json\/wp\/v2\/product_cat?post=27133"},{"taxonomy":"product_tag","embeddable":true,"href":"https:\/\/casadastintasans.com.br\/index.php\/wp-json\/wp\/v2\/product_tag?post=27133"}],"curies":[{"name":"wp","href":"https:\/\/api.w.org\/{rel}","templated":true}]}}