{"id":27114,"date":"2021-06-04T19:27:16","date_gmt":"2021-06-04T19:27:16","guid":{"rendered":"http:\/\/casadastintasans.com.br\/?post_type=product&#038;p=27114"},"modified":"2021-06-22T20:20:20","modified_gmt":"2021-06-22T20:20:20","slug":"coral-pinta-piso-fosco-18l","status":"publish","type":"product","link":"https:\/\/casadastintasans.com.br\/index.php\/produto\/coral-pinta-piso-fosco-18l\/","title":{"rendered":"Coral Pinta Piso Fosco 18L"},"content":{"rendered":"<p><img decoding=\"async\" id=\"tgpli-60b530835b360\" class=\"alignnone wp-image-26868\" src=\"http:\/\/casadastintasans.com.br\/wp-content\/uploads\/2021\/05\/banner_home_leque-1-300x169.jpg\" alt=\"\" width=\"491\" height=\"277\" data-tgpli-src=\"http:\/\/casadastintasans.com.br\/wp-content\/uploads\/2021\/05\/banner_home_leque-1-300x169.jpg\" data-tgpli-inited=\"\" \/><\/p>\n<h4 class=\"ts2 tc-grey\">ESCOLHA A COR DA TINTA<\/h4>\n<div class=\"title-h6\">CONFIRA AS OP\u00c7\u00d5ES DISPON\u00cdVEIS E ESCOLHA A COR CERTA PARA CADA AMBIENTE. AS CORES S\u00c3O APENAS APROXIMA\u00c7\u00d5ES E VARIAM DA COR ORIGINAL E DE MONITOR PARA MONITOR.<\/div>\n","protected":false},"excerpt":{"rendered":"<p>Coral Pinta Piso foi especialmente desenvolvido para ser aplicado em \u00e1reas onde h\u00e1 grande circula\u00e7\u00e3o, pois \u00e9 resistente ao tr\u00e1fego. Locais como estacionamentos, garagens, pisos comerciais, quadras poliesportivas, varandas, cal\u00e7adas, escadarias, \u00e1reas de lazer e outras \u00e1reas cimentadas, se pintadas com Pinta Piso, estar\u00e3o sempre protegidos das a\u00e7\u00f5es do sol e da chuva e tamb\u00e9m dos desgastes causados por atritos. Al\u00e9m disso, Pinta Piso possui acabamento fosco, bom rendimento e \u00f3tima cobertura.<\/p>\n","protected":false},"featured_media":27115,"template":"","meta":[],"product_brand":[],"product_cat":[155,162,179,144,187],"product_tag":[],"class_list":{"0":"post-27114","1":"product","2":"type-product","3":"status-publish","4":"has-post-thumbnail","6":"product_cat-coral","7":"product_cat-exterior","8":"product_cat-interior","9":"product_cat-linha-imobiliaria","10":"product_cat-pisos","12":"first","13":"instock","14":"featured","15":"shipping-taxable","16":"product-type-simple"},"aioseo_notices":[],"_links":{"self":[{"href":"https:\/\/casadastintasans.com.br\/index.php\/wp-json\/wp\/v2\/product\/27114","targetHints":{"allow":["GET"]}}],"collection":[{"href":"https:\/\/casadastintasans.com.br\/index.php\/wp-json\/wp\/v2\/product"}],"about":[{"href":"https:\/\/casadastintasans.com.br\/index.php\/wp-json\/wp\/v2\/types\/product"}],"wp:featuredmedia":[{"embeddable":true,"href":"https:\/\/casadastintasans.com.br\/index.php\/wp-json\/wp\/v2\/media\/27115"}],"wp:attachment":[{"href":"https:\/\/casadastintasans.com.br\/index.php\/wp-json\/wp\/v2\/media?parent=27114"}],"wp:term":[{"taxonomy":"product_brand","embeddable":true,"href":"https:\/\/casadastintasans.com.br\/index.php\/wp-json\/wp\/v2\/product_brand?post=27114"},{"taxonomy":"product_cat","embeddable":true,"href":"https:\/\/casadastintasans.com.br\/index.php\/wp-json\/wp\/v2\/product_cat?post=27114"},{"taxonomy":"product_tag","embeddable":true,"href":"https:\/\/casadastintasans.com.br\/index.php\/wp-json\/wp\/v2\/product_tag?post=27114"}],"curies":[{"name":"wp","href":"https:\/\/api.w.org\/{rel}","templated":true}]}}