{"id":27112,"date":"2021-06-04T19:19:47","date_gmt":"2021-06-04T19:19:47","guid":{"rendered":"http:\/\/casadastintasans.com.br\/?post_type=product&#038;p=27112"},"modified":"2021-06-04T19:19:48","modified_gmt":"2021-06-04T19:19:48","slug":"novacor-piso-ultra-18l","status":"publish","type":"product","link":"https:\/\/casadastintasans.com.br\/index.php\/produto\/novacor-piso-ultra-18l\/","title":{"rendered":"Novacor Piso Ultra 18L"},"content":{"rendered":"<h4 class=\"ts2 tc-grey\"><img decoding=\"async\" id=\"tgpli-60ba6412b0384\" class=\"alignnone  wp-image-27085\" src=\"http:\/\/casadastintasans.com.br\/wp-content\/uploads\/2021\/06\/Leque-Sherwin-Williams-300x142.jpg\" sizes=\"(max-width: 386px) 100vw, 386px\" srcset=\"http:\/\/casadastintasans.com.br\/wp-content\/uploads\/2021\/06\/Leque-Sherwin-Williams-300x142.jpg 300w, http:\/\/casadastintasans.com.br\/wp-content\/uploads\/2021\/06\/Leque-Sherwin-Williams-768x365.jpg 768w, http:\/\/casadastintasans.com.br\/wp-content\/uploads\/2021\/06\/Leque-Sherwin-Williams-600x285.jpg 600w, http:\/\/casadastintasans.com.br\/wp-content\/uploads\/2021\/06\/Leque-Sherwin-Williams.jpg 1024w\" alt=\"\" width=\"386\" height=\"183\" data-tgpli-src=\"http:\/\/casadastintasans.com.br\/wp-content\/uploads\/2021\/06\/Leque-Sherwin-Williams-300x142.jpg\" data-tgpli-srcset=\"http:\/\/casadastintasans.com.br\/wp-content\/uploads\/2021\/06\/Leque-Sherwin-Williams-300x142.jpg 300w, http:\/\/casadastintasans.com.br\/wp-content\/uploads\/2021\/06\/Leque-Sherwin-Williams-768x365.jpg 768w, http:\/\/casadastintasans.com.br\/wp-content\/uploads\/2021\/06\/Leque-Sherwin-Williams-600x285.jpg 600w, http:\/\/casadastintasans.com.br\/wp-content\/uploads\/2021\/06\/Leque-Sherwin-Williams.jpg 1024w\" data-tgpli-inited=\"\" \/><\/h4>\n<h4 class=\"ts2 tc-grey\">ESCOLHA A COR DA TINTA<\/h4>\n<div class=\"title-h6\">CONFIRA AS OP\u00c7\u00d5ES DISPON\u00cdVEIS E ESCOLHA A COR CERTA PARA CADA AMBIENTE. AS CORES S\u00c3O APENAS APROXIMA\u00c7\u00d5ES E VARIAM DA COR ORIGINAL E DE MONITOR PARA MONITOR.<\/div>\n","protected":false},"excerpt":{"rendered":"<p>Novacor Piso Ultra \u00e9 uma tinta \u00e0 base de resina acr\u00edlica, indicada para aplica\u00e7\u00e3o em superf\u00edcies que necessitem de grande resist\u00eancia ao tr\u00e1fego de pessoas e autom\u00f3veis, como pisos cimentados de quadras esportivas. Sua f\u00f3rmula permite resist\u00eancia a produtos de limpeza, gasolina, graxas e \u00f3leos, podendo ser aplicado em pisos de postos de gasolina, oficinas mec\u00e2nicas, entre outros. Possui excelente durabilidade, grande poder de cobertura e acabamento semibrilho.<\/p>\n","protected":false},"featured_media":27113,"template":"","meta":[],"product_brand":[],"product_cat":[162,179,144,187],"product_tag":[],"class_list":{"0":"post-27112","1":"product","2":"type-product","3":"status-publish","4":"has-post-thumbnail","6":"product_cat-exterior","7":"product_cat-interior","8":"product_cat-linha-imobiliaria","9":"product_cat-pisos","11":"first","12":"instock","13":"shipping-taxable","14":"product-type-simple"},"aioseo_notices":[],"_links":{"self":[{"href":"https:\/\/casadastintasans.com.br\/index.php\/wp-json\/wp\/v2\/product\/27112","targetHints":{"allow":["GET"]}}],"collection":[{"href":"https:\/\/casadastintasans.com.br\/index.php\/wp-json\/wp\/v2\/product"}],"about":[{"href":"https:\/\/casadastintasans.com.br\/index.php\/wp-json\/wp\/v2\/types\/product"}],"wp:featuredmedia":[{"embeddable":true,"href":"https:\/\/casadastintasans.com.br\/index.php\/wp-json\/wp\/v2\/media\/27113"}],"wp:attachment":[{"href":"https:\/\/casadastintasans.com.br\/index.php\/wp-json\/wp\/v2\/media?parent=27112"}],"wp:term":[{"taxonomy":"product_brand","embeddable":true,"href":"https:\/\/casadastintasans.com.br\/index.php\/wp-json\/wp\/v2\/product_brand?post=27112"},{"taxonomy":"product_cat","embeddable":true,"href":"https:\/\/casadastintasans.com.br\/index.php\/wp-json\/wp\/v2\/product_cat?post=27112"},{"taxonomy":"product_tag","embeddable":true,"href":"https:\/\/casadastintasans.com.br\/index.php\/wp-json\/wp\/v2\/product_tag?post=27112"}],"curies":[{"name":"wp","href":"https:\/\/api.w.org\/{rel}","templated":true}]}}