{"id":27055,"date":"2021-06-02T19:53:18","date_gmt":"2021-06-02T19:53:18","guid":{"rendered":"http:\/\/casadastintasans.com.br\/?post_type=product&#038;p=27055"},"modified":"2021-06-04T19:51:21","modified_gmt":"2021-06-04T19:51:21","slug":"metalatex-super-lavavel-fosco-36l","status":"publish","type":"product","link":"https:\/\/casadastintasans.com.br\/index.php\/produto\/metalatex-super-lavavel-fosco-36l\/","title":{"rendered":"Metalatex Super Lav\u00e1vel Fosco 3,6L"},"content":{"rendered":"<h4 class=\"ts2 tc-grey\"><img decoding=\"async\" id=\"tgpli-60ba6412b0384\" class=\"alignnone  wp-image-27085\" src=\"http:\/\/casadastintasans.com.br\/wp-content\/uploads\/2021\/06\/Leque-Sherwin-Williams-300x142.jpg\" sizes=\"(max-width: 386px) 100vw, 386px\" srcset=\"http:\/\/casadastintasans.com.br\/wp-content\/uploads\/2021\/06\/Leque-Sherwin-Williams-300x142.jpg 300w, http:\/\/casadastintasans.com.br\/wp-content\/uploads\/2021\/06\/Leque-Sherwin-Williams-768x365.jpg 768w, http:\/\/casadastintasans.com.br\/wp-content\/uploads\/2021\/06\/Leque-Sherwin-Williams-600x285.jpg 600w, http:\/\/casadastintasans.com.br\/wp-content\/uploads\/2021\/06\/Leque-Sherwin-Williams.jpg 1024w\" alt=\"\" width=\"386\" height=\"183\" data-tgpli-src=\"http:\/\/casadastintasans.com.br\/wp-content\/uploads\/2021\/06\/Leque-Sherwin-Williams-300x142.jpg\" data-tgpli-srcset=\"http:\/\/casadastintasans.com.br\/wp-content\/uploads\/2021\/06\/Leque-Sherwin-Williams-300x142.jpg 300w, http:\/\/casadastintasans.com.br\/wp-content\/uploads\/2021\/06\/Leque-Sherwin-Williams-768x365.jpg 768w, http:\/\/casadastintasans.com.br\/wp-content\/uploads\/2021\/06\/Leque-Sherwin-Williams-600x285.jpg 600w, http:\/\/casadastintasans.com.br\/wp-content\/uploads\/2021\/06\/Leque-Sherwin-Williams.jpg 1024w\" data-tgpli-inited=\"\" \/><\/h4>\n<h4 class=\"ts2 tc-grey\">ESCOLHA A COR DA TINTA<\/h4>\n<div class=\"title-h6\">CONFIRA AS OP\u00c7\u00d5ES DISPON\u00cdVEIS E ESCOLHA A COR CERTA PARA CADA AMBIENTE. AS CORES S\u00c3O APENAS APROXIMA\u00c7\u00d5ES E VARIAM DA COR ORIGINAL E DE MONITOR PARA MONITOR.<\/div>\n","protected":false},"excerpt":{"rendered":"<p>F\u00f3rmula exclusiva com alto poder de limpeza, ultra cobertura, acabamento fosco perfeito, r\u00e1pida secagem, resistente ao desbotamento, \u00f3timo rendimento, alta durabilidade e sem cheiro. Seguidas corretamente as instru\u00e7\u00f5es de aplica\u00e7\u00e3o e mantendo-se o ambiente ventilado, ap\u00f3s 1 hora da aplica\u00e7\u00e3o, o cheiro caracter\u00edstico da tinta \u00e9 praticamente impercept\u00edvel. Metalatex Fosco Superlav\u00e1vel refor\u00e7a o compromisso e respeito da Sherwin-Williams com o meio ambiente.<\/p>\n","protected":false},"featured_media":27056,"template":"","meta":[],"product_brand":[],"product_cat":[162,179,144,178,180],"product_tag":[],"class_list":{"0":"post-27055","1":"product","2":"type-product","3":"status-publish","4":"has-post-thumbnail","6":"product_cat-exterior","7":"product_cat-interior","8":"product_cat-linha-imobiliaria","9":"product_cat-sherwin-williams","10":"product_cat-tintas","12":"first","13":"instock","14":"shipping-taxable","15":"product-type-simple"},"aioseo_notices":[],"_links":{"self":[{"href":"https:\/\/casadastintasans.com.br\/index.php\/wp-json\/wp\/v2\/product\/27055","targetHints":{"allow":["GET"]}}],"collection":[{"href":"https:\/\/casadastintasans.com.br\/index.php\/wp-json\/wp\/v2\/product"}],"about":[{"href":"https:\/\/casadastintasans.com.br\/index.php\/wp-json\/wp\/v2\/types\/product"}],"wp:featuredmedia":[{"embeddable":true,"href":"https:\/\/casadastintasans.com.br\/index.php\/wp-json\/wp\/v2\/media\/27056"}],"wp:attachment":[{"href":"https:\/\/casadastintasans.com.br\/index.php\/wp-json\/wp\/v2\/media?parent=27055"}],"wp:term":[{"taxonomy":"product_brand","embeddable":true,"href":"https:\/\/casadastintasans.com.br\/index.php\/wp-json\/wp\/v2\/product_brand?post=27055"},{"taxonomy":"product_cat","embeddable":true,"href":"https:\/\/casadastintasans.com.br\/index.php\/wp-json\/wp\/v2\/product_cat?post=27055"},{"taxonomy":"product_tag","embeddable":true,"href":"https:\/\/casadastintasans.com.br\/index.php\/wp-json\/wp\/v2\/product_tag?post=27055"}],"curies":[{"name":"wp","href":"https:\/\/api.w.org\/{rel}","templated":true}]}}