{"id":26992,"date":"2021-05-31T17:46:38","date_gmt":"2021-05-31T17:46:38","guid":{"rendered":"http:\/\/casadastintasans.com.br\/?post_type=product&#038;p=26992"},"modified":"2021-05-31T17:51:19","modified_gmt":"2021-05-31T17:51:19","slug":"wandepoxy-base-solvente-36l","status":"publish","type":"product","link":"https:\/\/casadastintasans.com.br\/index.php\/produto\/wandepoxy-base-solvente-36l\/","title":{"rendered":"Wandepoxy Base Solvente 3,6L"},"content":{"rendered":"","protected":false},"excerpt":{"rendered":"<p>Proporciona alta resist\u00eancia \u00e0 umidade, \u00e1gua, subst\u00e2ncia qu\u00edmica e a abras\u00e3o, al\u00e9m de \u00f3tima ader\u00eancia aos mais diversos tipos de superf\u00edcies. Para funcionar o Esmalte Wandepoxy deve ser catalisado, misturando o componente A com o componente B. Existem dois tipos de catalisador, o amina e o amida: &#8211; Catalisador Amina: indicado para situa\u00e7\u00f5es que requerem maior resist\u00eancia qu\u00edmica da pel\u00edcula &#8211; Catalisador Amida: indicado para melhor acabamento e resist\u00eancia \u00e0 \u00e1gua Como preparar: &#8211; Homogeneizar bem o componente A e componente B separadamente antes de mistur\u00e1-los. &#8211; Adicionar o componente B sobre o componente A, obedecendo sempre a propor\u00e7\u00e3o de 3 partes em volume do componente A para 1 parte em volume do componente B. &#8211; Homogeneizar bem a mistura e aguardar cerca de 15 minutos (tempo de indu\u00e7\u00e3o) antes de diluir e aplicar. &#8211; Diluir com diluente para Wandepoxy utilizando de 15 a 25% em volume &#8211; Aplicar \u00e0 pincel\/ trincha, rolo pr\u00f3prio para ep\u00f3xi, ou pistola de ar comprimido &#8211; cerca de 2 a 3 dem\u00e3os. &#8211; Intervalo entre dem\u00e3os m\u00ednimo de 12 horas e m\u00e1ximo de 48 &#8211; se exceder o tempo m\u00e1ximo lixar entre dem\u00e3os. &#8211; A vida \u00fatil da mistura catalisada (A+B) \u00e9 de 6 a 8 horas &#8211; n\u00e3o aplicar ap\u00f3s este per\u00edodo. &#8211; A secagem completa se dar\u00e1 ao final de 24 horas &#8211; Somente depois de 7 dias de aplicada a pel\u00edcula do Wandepoxy alcan\u00e7ar\u00e1 seu m\u00e1ximo grau de resist\u00eancia e de dureza. *O Wandepoxy solvente catalis\u00e1vel quando exposto ao tempo, calcina e pode ocorrer amarelamento, mas permanece com a mesma resist\u00eancia qu\u00edmica. Um gal\u00e3o de 2,7L rende at\u00e9 50m\u00b2.<\/p>\n","protected":false},"featured_media":26993,"template":"","meta":[],"product_brand":[],"product_cat":[155,186,162,179,144,159,160],"product_tag":[],"class_list":{"0":"post-26992","1":"product","2":"type-product","3":"status-publish","4":"has-post-thumbnail","6":"product_cat-coral","7":"product_cat-esmaltes","8":"product_cat-exterior","9":"product_cat-interior","10":"product_cat-linha-imobiliaria","11":"product_cat-metais","12":"product_cat-outras-superficies","14":"first","15":"instock","16":"shipping-taxable","17":"product-type-simple"},"aioseo_notices":[],"_links":{"self":[{"href":"https:\/\/casadastintasans.com.br\/index.php\/wp-json\/wp\/v2\/product\/26992","targetHints":{"allow":["GET"]}}],"collection":[{"href":"https:\/\/casadastintasans.com.br\/index.php\/wp-json\/wp\/v2\/product"}],"about":[{"href":"https:\/\/casadastintasans.com.br\/index.php\/wp-json\/wp\/v2\/types\/product"}],"wp:featuredmedia":[{"embeddable":true,"href":"https:\/\/casadastintasans.com.br\/index.php\/wp-json\/wp\/v2\/media\/26993"}],"wp:attachment":[{"href":"https:\/\/casadastintasans.com.br\/index.php\/wp-json\/wp\/v2\/media?parent=26992"}],"wp:term":[{"taxonomy":"product_brand","embeddable":true,"href":"https:\/\/casadastintasans.com.br\/index.php\/wp-json\/wp\/v2\/product_brand?post=26992"},{"taxonomy":"product_cat","embeddable":true,"href":"https:\/\/casadastintasans.com.br\/index.php\/wp-json\/wp\/v2\/product_cat?post=26992"},{"taxonomy":"product_tag","embeddable":true,"href":"https:\/\/casadastintasans.com.br\/index.php\/wp-json\/wp\/v2\/product_tag?post=26992"}],"curies":[{"name":"wp","href":"https:\/\/api.w.org\/{rel}","templated":true}]}}