{"id":26990,"date":"2021-05-31T17:27:26","date_gmt":"2021-05-31T17:27:26","guid":{"rendered":"http:\/\/casadastintasans.com.br\/?post_type=product&#038;p=26990"},"modified":"2021-05-31T17:27:26","modified_gmt":"2021-05-31T17:27:26","slug":"coral-selador-acrilico-36l","status":"publish","type":"product","link":"https:\/\/casadastintasans.com.br\/index.php\/produto\/coral-selador-acrilico-36l\/","title":{"rendered":"Coral Selador Acr\u00edlico 3,6L"},"content":{"rendered":"","protected":false},"excerpt":{"rendered":"<p>Para proteger e manter sua pintura bonita e nova por muito mais tempo \u00e9 necess\u00e1rio fazer uma boa prepara\u00e7\u00e3o da superf\u00edcie. Indicado para paredes novas, o Selador Acr\u00edlico impermeabiliza e uniformiza as mais diversas superf\u00edcies de alvenaria devido ao seu poder selante e \u00f3tima ader\u00eancia. \u00c9 um fundo de cor branco fosco, dilu\u00edvel em \u00e1gua e de r\u00e1pida secagem. Com grande poder de preenchimento e cobertura, pode ser aplicado em ambientes internos e externos e prepara a superf\u00edcie para os demais cuidados que sua parede necessita.<\/p>\n","protected":false},"featured_media":26991,"template":"","meta":[],"product_brand":[],"product_cat":[155,162,179,144],"product_tag":[],"class_list":{"0":"post-26990","1":"product","2":"type-product","3":"status-publish","4":"has-post-thumbnail","6":"product_cat-coral","7":"product_cat-exterior","8":"product_cat-interior","9":"product_cat-linha-imobiliaria","11":"first","12":"instock","13":"shipping-taxable","14":"product-type-simple"},"aioseo_notices":[],"_links":{"self":[{"href":"https:\/\/casadastintasans.com.br\/index.php\/wp-json\/wp\/v2\/product\/26990","targetHints":{"allow":["GET"]}}],"collection":[{"href":"https:\/\/casadastintasans.com.br\/index.php\/wp-json\/wp\/v2\/product"}],"about":[{"href":"https:\/\/casadastintasans.com.br\/index.php\/wp-json\/wp\/v2\/types\/product"}],"wp:featuredmedia":[{"embeddable":true,"href":"https:\/\/casadastintasans.com.br\/index.php\/wp-json\/wp\/v2\/media\/26991"}],"wp:attachment":[{"href":"https:\/\/casadastintasans.com.br\/index.php\/wp-json\/wp\/v2\/media?parent=26990"}],"wp:term":[{"taxonomy":"product_brand","embeddable":true,"href":"https:\/\/casadastintasans.com.br\/index.php\/wp-json\/wp\/v2\/product_brand?post=26990"},{"taxonomy":"product_cat","embeddable":true,"href":"https:\/\/casadastintasans.com.br\/index.php\/wp-json\/wp\/v2\/product_cat?post=26990"},{"taxonomy":"product_tag","embeddable":true,"href":"https:\/\/casadastintasans.com.br\/index.php\/wp-json\/wp\/v2\/product_tag?post=26990"}],"curies":[{"name":"wp","href":"https:\/\/api.w.org\/{rel}","templated":true}]}}