{"id":26988,"date":"2021-05-31T17:16:56","date_gmt":"2021-05-31T17:16:56","guid":{"rendered":"http:\/\/casadastintasans.com.br\/?post_type=product&#038;p=26988"},"modified":"2021-05-31T17:48:36","modified_gmt":"2021-05-31T17:48:36","slug":"coralit-fundo-nivelador-36l","status":"publish","type":"product","link":"https:\/\/casadastintasans.com.br\/index.php\/produto\/coralit-fundo-nivelador-36l\/","title":{"rendered":"Coralit Fundo Nivelador 3,6L"},"content":{"rendered":"","protected":false},"excerpt":{"rendered":"<p>Coralit Fundo Nivelador \u00e9 um fundo sint\u00e9tico branco fosco com alto poder de enchimento indicado para uniformizar a absor\u00e7\u00e3o nas superf\u00edcies de madeira nova melhorando o aspecto final da pintura e aumentando o rendimento do esmalte de acabamento. \u00c9 f\u00e1cil de aplicar e de lixar. Tem \u00f3timo rendimento e secagem r\u00e1pida. Possui durabilidade de 10 anos*. *Quando combinados fundo e esmalte sint\u00e9tico da Fam\u00edlia Coralit.<\/p>\n","protected":false},"featured_media":26989,"template":"","meta":[],"product_brand":[],"product_cat":[155,186,162,144,158],"product_tag":[],"class_list":{"0":"post-26988","1":"product","2":"type-product","3":"status-publish","4":"has-post-thumbnail","6":"product_cat-coral","7":"product_cat-esmaltes","8":"product_cat-exterior","9":"product_cat-linha-imobiliaria","10":"product_cat-madeiras","12":"first","13":"instock","14":"shipping-taxable","15":"product-type-simple"},"aioseo_notices":[],"_links":{"self":[{"href":"https:\/\/casadastintasans.com.br\/index.php\/wp-json\/wp\/v2\/product\/26988","targetHints":{"allow":["GET"]}}],"collection":[{"href":"https:\/\/casadastintasans.com.br\/index.php\/wp-json\/wp\/v2\/product"}],"about":[{"href":"https:\/\/casadastintasans.com.br\/index.php\/wp-json\/wp\/v2\/types\/product"}],"wp:featuredmedia":[{"embeddable":true,"href":"https:\/\/casadastintasans.com.br\/index.php\/wp-json\/wp\/v2\/media\/26989"}],"wp:attachment":[{"href":"https:\/\/casadastintasans.com.br\/index.php\/wp-json\/wp\/v2\/media?parent=26988"}],"wp:term":[{"taxonomy":"product_brand","embeddable":true,"href":"https:\/\/casadastintasans.com.br\/index.php\/wp-json\/wp\/v2\/product_brand?post=26988"},{"taxonomy":"product_cat","embeddable":true,"href":"https:\/\/casadastintasans.com.br\/index.php\/wp-json\/wp\/v2\/product_cat?post=26988"},{"taxonomy":"product_tag","embeddable":true,"href":"https:\/\/casadastintasans.com.br\/index.php\/wp-json\/wp\/v2\/product_tag?post=26988"}],"curies":[{"name":"wp","href":"https:\/\/api.w.org\/{rel}","templated":true}]}}