{"id":26986,"date":"2021-05-31T17:08:45","date_gmt":"2021-05-31T17:08:45","guid":{"rendered":"http:\/\/casadastintasans.com.br\/?post_type=product&#038;p=26986"},"modified":"2021-05-31T17:49:31","modified_gmt":"2021-05-31T17:49:31","slug":"coralit-fundo-zarcao-proferro-36l","status":"publish","type":"product","link":"https:\/\/casadastintasans.com.br\/index.php\/produto\/coralit-fundo-zarcao-proferro-36l\/","title":{"rendered":"Coralit Fundo Zarc\u00e3o Proferro 3,6L"},"content":{"rendered":"","protected":false},"excerpt":{"rendered":"<p>Coralit Fundo Zarc\u00e3o Proferro \u00e9 um fundo sint\u00e9tico laranja fosco com excelente propriedade anticorrosiva que protege por muito mais tempo a beleza do acabamento final. Possui \u00f3tima ader\u00eancia, alta prote\u00e7\u00e3o contra corros\u00e3o, excelente rendimento, al\u00e9m de ser f\u00e1cil de aplicar e lixar. Possui durabilidade de 10 anos*. *Quando combinados fundo e esmalte sint\u00e9tico da Fam\u00edlia Coralit.<\/p>\n","protected":false},"featured_media":26987,"template":"","meta":[],"product_brand":[],"product_cat":[155,186,162,144,159],"product_tag":[],"class_list":{"0":"post-26986","1":"product","2":"type-product","3":"status-publish","4":"has-post-thumbnail","6":"product_cat-coral","7":"product_cat-esmaltes","8":"product_cat-exterior","9":"product_cat-linha-imobiliaria","10":"product_cat-metais","12":"first","13":"instock","14":"shipping-taxable","15":"product-type-simple"},"aioseo_notices":[],"_links":{"self":[{"href":"https:\/\/casadastintasans.com.br\/index.php\/wp-json\/wp\/v2\/product\/26986","targetHints":{"allow":["GET"]}}],"collection":[{"href":"https:\/\/casadastintasans.com.br\/index.php\/wp-json\/wp\/v2\/product"}],"about":[{"href":"https:\/\/casadastintasans.com.br\/index.php\/wp-json\/wp\/v2\/types\/product"}],"wp:featuredmedia":[{"embeddable":true,"href":"https:\/\/casadastintasans.com.br\/index.php\/wp-json\/wp\/v2\/media\/26987"}],"wp:attachment":[{"href":"https:\/\/casadastintasans.com.br\/index.php\/wp-json\/wp\/v2\/media?parent=26986"}],"wp:term":[{"taxonomy":"product_brand","embeddable":true,"href":"https:\/\/casadastintasans.com.br\/index.php\/wp-json\/wp\/v2\/product_brand?post=26986"},{"taxonomy":"product_cat","embeddable":true,"href":"https:\/\/casadastintasans.com.br\/index.php\/wp-json\/wp\/v2\/product_cat?post=26986"},{"taxonomy":"product_tag","embeddable":true,"href":"https:\/\/casadastintasans.com.br\/index.php\/wp-json\/wp\/v2\/product_tag?post=26986"}],"curies":[{"name":"wp","href":"https:\/\/api.w.org\/{rel}","templated":true}]}}