{"id":26984,"date":"2021-05-31T17:01:46","date_gmt":"2021-05-31T17:01:46","guid":{"rendered":"http:\/\/casadastintasans.com.br\/?post_type=product&#038;p=26984"},"modified":"2021-05-31T17:52:18","modified_gmt":"2021-05-31T17:52:18","slug":"coralit-antiferrugem-36l","status":"publish","type":"product","link":"https:\/\/casadastintasans.com.br\/index.php\/produto\/coralit-antiferrugem-36l\/","title":{"rendered":"Coralit Antiferrugem 3,6L"},"content":{"rendered":"","protected":false},"excerpt":{"rendered":"<p>Coralit Antiferrugem \u00e9 um esmalte sint\u00e9tico que oferece excelente prote\u00e7\u00e3o anticorrosiva e contra os efeitos do sol e da chuva, gra\u00e7as \u00e0 sua tecnologia fundo + acabamento em um s\u00f3 produto. Este produto torna o trabalho de pintura muito mais pr\u00e1tico, pois dispensa a aplica\u00e7\u00e3o pr\u00e9via de fundos ou primers anticorrosivos. Apresenta \u00f3tima dureza, resist\u00eancia ao atrito e \u00e0s intemp\u00e9ries e \u00e9 f\u00e1cil de aplicar. Possui durabilidade de 10 anos.<\/p>\n","protected":false},"featured_media":26985,"template":"","meta":[],"product_brand":[],"product_cat":[155,186,162,144,158,159,160],"product_tag":[],"class_list":{"0":"post-26984","1":"product","2":"type-product","3":"status-publish","4":"has-post-thumbnail","6":"product_cat-coral","7":"product_cat-esmaltes","8":"product_cat-exterior","9":"product_cat-linha-imobiliaria","10":"product_cat-madeiras","11":"product_cat-metais","12":"product_cat-outras-superficies","14":"first","15":"instock","16":"shipping-taxable","17":"product-type-simple"},"aioseo_notices":[],"_links":{"self":[{"href":"https:\/\/casadastintasans.com.br\/index.php\/wp-json\/wp\/v2\/product\/26984","targetHints":{"allow":["GET"]}}],"collection":[{"href":"https:\/\/casadastintasans.com.br\/index.php\/wp-json\/wp\/v2\/product"}],"about":[{"href":"https:\/\/casadastintasans.com.br\/index.php\/wp-json\/wp\/v2\/types\/product"}],"wp:featuredmedia":[{"embeddable":true,"href":"https:\/\/casadastintasans.com.br\/index.php\/wp-json\/wp\/v2\/media\/26985"}],"wp:attachment":[{"href":"https:\/\/casadastintasans.com.br\/index.php\/wp-json\/wp\/v2\/media?parent=26984"}],"wp:term":[{"taxonomy":"product_brand","embeddable":true,"href":"https:\/\/casadastintasans.com.br\/index.php\/wp-json\/wp\/v2\/product_brand?post=26984"},{"taxonomy":"product_cat","embeddable":true,"href":"https:\/\/casadastintasans.com.br\/index.php\/wp-json\/wp\/v2\/product_cat?post=26984"},{"taxonomy":"product_tag","embeddable":true,"href":"https:\/\/casadastintasans.com.br\/index.php\/wp-json\/wp\/v2\/product_tag?post=26984"}],"curies":[{"name":"wp","href":"https:\/\/api.w.org\/{rel}","templated":true}]}}