{"id":26961,"date":"2021-05-29T14:25:59","date_gmt":"2021-05-29T14:25:59","guid":{"rendered":"http:\/\/casadastintasans.com.br\/?post_type=product&#038;p=26961"},"modified":"2021-05-31T17:50:05","modified_gmt":"2021-05-31T17:50:05","slug":"coralit-secagem-rapida-brilhante-36l","status":"publish","type":"product","link":"https:\/\/casadastintasans.com.br\/index.php\/produto\/coralit-secagem-rapida-brilhante-36l\/","title":{"rendered":"Coralit Secagem R\u00e1pida Brilhante 3,6L"},"content":{"rendered":"<p><img decoding=\"async\" id=\"tgpli-60b242e823e42\" class=\"alignnone wp-image-26868\" src=\"http:\/\/casadastintasans.com.br\/wp-content\/uploads\/2021\/05\/banner_home_leque-1-300x169.jpg\" alt=\"\" width=\"496\" height=\"279\" data-tgpli-src=\"http:\/\/casadastintasans.com.br\/wp-content\/uploads\/2021\/05\/banner_home_leque-1-300x169.jpg\" data-tgpli-inited=\"\" \/><\/p>\n<h4 class=\"ts2 tc-grey\">ESCOLHA A COR DA TINTA<\/h4>\n<div class=\"title-h6\">CONFIRA AS OP\u00c7\u00d5ES DISPON\u00cdVEIS E ESCOLHA A COR CERTA PARA CADA AMBIENTE. AS CORES S\u00c3O APENAS APROXIMA\u00c7\u00d5ES E VARIAM DA COR ORIGINAL E DE MONITOR PARA MONITOR.<\/div>\n","protected":false},"excerpt":{"rendered":"<p>Coralit Secagem R\u00e1pida \u00e9 um esmalte sint\u00e9tico de alta qualidade e com a secagem mais r\u00e1pida da linha Coralit, 30 minutos entre dem\u00e3os, o que facilita e agiliza o trabalho de pintura. Sua f\u00f3rmula especial com silicone garante um excelente acabamento e alta prote\u00e7\u00e3o. Possui uma pel\u00edcula brilhante que facilita a limpeza da superf\u00edcie, al\u00e9m de oferecer \u00f3timo rendimento e alto poder de cobertura. A durabilidade de Coralit \u00e9 de 10 anos.<\/p>\n","protected":false},"featured_media":26962,"template":"","meta":[],"product_brand":[],"product_cat":[155,186,162,158,159,160],"product_tag":[],"class_list":{"0":"post-26961","1":"product","2":"type-product","3":"status-publish","4":"has-post-thumbnail","6":"product_cat-coral","7":"product_cat-esmaltes","8":"product_cat-exterior","9":"product_cat-madeiras","10":"product_cat-metais","11":"product_cat-outras-superficies","13":"first","14":"instock","15":"shipping-taxable","16":"product-type-simple"},"aioseo_notices":[],"_links":{"self":[{"href":"https:\/\/casadastintasans.com.br\/index.php\/wp-json\/wp\/v2\/product\/26961","targetHints":{"allow":["GET"]}}],"collection":[{"href":"https:\/\/casadastintasans.com.br\/index.php\/wp-json\/wp\/v2\/product"}],"about":[{"href":"https:\/\/casadastintasans.com.br\/index.php\/wp-json\/wp\/v2\/types\/product"}],"wp:featuredmedia":[{"embeddable":true,"href":"https:\/\/casadastintasans.com.br\/index.php\/wp-json\/wp\/v2\/media\/26962"}],"wp:attachment":[{"href":"https:\/\/casadastintasans.com.br\/index.php\/wp-json\/wp\/v2\/media?parent=26961"}],"wp:term":[{"taxonomy":"product_brand","embeddable":true,"href":"https:\/\/casadastintasans.com.br\/index.php\/wp-json\/wp\/v2\/product_brand?post=26961"},{"taxonomy":"product_cat","embeddable":true,"href":"https:\/\/casadastintasans.com.br\/index.php\/wp-json\/wp\/v2\/product_cat?post=26961"},{"taxonomy":"product_tag","embeddable":true,"href":"https:\/\/casadastintasans.com.br\/index.php\/wp-json\/wp\/v2\/product_tag?post=26961"}],"curies":[{"name":"wp","href":"https:\/\/api.w.org\/{rel}","templated":true}]}}