{"id":26956,"date":"2021-05-29T13:55:36","date_gmt":"2021-05-29T13:55:36","guid":{"rendered":"http:\/\/casadastintasans.com.br\/?post_type=product&#038;p=26956"},"modified":"2021-05-31T17:50:26","modified_gmt":"2021-05-31T17:50:26","slug":"coralit-total-brilhante","status":"publish","type":"product","link":"https:\/\/casadastintasans.com.br\/index.php\/produto\/coralit-total-brilhante\/","title":{"rendered":"Coralit Total Brilhante 3,6L"},"content":{"rendered":"<p><img decoding=\"async\" id=\"tgpli-60b242e823e42\" class=\"alignnone wp-image-26868\" src=\"http:\/\/casadastintasans.com.br\/wp-content\/uploads\/2021\/05\/banner_home_leque-1-300x169.jpg\" alt=\"\" width=\"496\" height=\"279\" data-tgpli-src=\"http:\/\/casadastintasans.com.br\/wp-content\/uploads\/2021\/05\/banner_home_leque-1-300x169.jpg\" data-tgpli-inited=\"\" \/><\/p>\n<h4 class=\"ts2 tc-grey\">ESCOLHA A COR DA TINTA<\/h4>\n<div class=\"title-h6\">CONFIRA AS OP\u00c7\u00d5ES DISPON\u00cdVEIS E ESCOLHA A COR CERTA PARA CADA AMBIENTE. AS CORES S\u00c3O APENAS APROXIMA\u00c7\u00d5ES E VARIAM DA COR ORIGINAL E DE MONITOR PARA MONITOR<\/div>\n","protected":false},"excerpt":{"rendered":"<p>Coralit Total \u00e9 um esmalte base \u00e1gua de ultra ader\u00eancia em multisuperf\u00edcies, isto \u00e9, possui alto desempenho em madeiras, metais ferrosos, alum\u00ednio, galvanizados, PVC e tamb\u00e9m em repintura. Sua f\u00f3rmula especial BALANCE garante secagem r\u00e1pida, sem cheiro* e branco puro por mais tempo, pois n\u00e3o amarela em ambientes internos e externos. A dilui\u00e7\u00e3o e limpeza das ferramentas s\u00e3o feitas com \u00e1gua, dispensando o uso de aguarr\u00e1s e tornando o processo mais f\u00e1cil. \u00c9 uma solu\u00e7\u00e3o completa para aplica\u00e7\u00e3o EXTERNA e INTERNA. Possui durabilidade de 10 anos.<\/p>\n","protected":false},"featured_media":26957,"template":"","meta":[],"product_brand":[],"product_cat":[155,186,162,179,144,158,159,160],"product_tag":[],"class_list":{"0":"post-26956","1":"product","2":"type-product","3":"status-publish","4":"has-post-thumbnail","6":"product_cat-coral","7":"product_cat-esmaltes","8":"product_cat-exterior","9":"product_cat-interior","10":"product_cat-linha-imobiliaria","11":"product_cat-madeiras","12":"product_cat-metais","13":"product_cat-outras-superficies","15":"first","16":"instock","17":"shipping-taxable","18":"product-type-simple"},"aioseo_notices":[],"_links":{"self":[{"href":"https:\/\/casadastintasans.com.br\/index.php\/wp-json\/wp\/v2\/product\/26956","targetHints":{"allow":["GET"]}}],"collection":[{"href":"https:\/\/casadastintasans.com.br\/index.php\/wp-json\/wp\/v2\/product"}],"about":[{"href":"https:\/\/casadastintasans.com.br\/index.php\/wp-json\/wp\/v2\/types\/product"}],"wp:featuredmedia":[{"embeddable":true,"href":"https:\/\/casadastintasans.com.br\/index.php\/wp-json\/wp\/v2\/media\/26957"}],"wp:attachment":[{"href":"https:\/\/casadastintasans.com.br\/index.php\/wp-json\/wp\/v2\/media?parent=26956"}],"wp:term":[{"taxonomy":"product_brand","embeddable":true,"href":"https:\/\/casadastintasans.com.br\/index.php\/wp-json\/wp\/v2\/product_brand?post=26956"},{"taxonomy":"product_cat","embeddable":true,"href":"https:\/\/casadastintasans.com.br\/index.php\/wp-json\/wp\/v2\/product_cat?post=26956"},{"taxonomy":"product_tag","embeddable":true,"href":"https:\/\/casadastintasans.com.br\/index.php\/wp-json\/wp\/v2\/product_tag?post=26956"}],"curies":[{"name":"wp","href":"https:\/\/api.w.org\/{rel}","templated":true}]}}