{"id":26952,"date":"2021-05-29T13:24:43","date_gmt":"2021-05-29T13:24:43","guid":{"rendered":"http:\/\/casadastintasans.com.br\/?post_type=product&#038;p=26952"},"modified":"2021-05-31T17:53:59","modified_gmt":"2021-05-31T17:53:59","slug":"esmalte-hammerite","status":"publish","type":"product","link":"https:\/\/casadastintasans.com.br\/index.php\/produto\/esmalte-hammerite\/","title":{"rendered":"Esmalte Hammerite 2,4L"},"content":{"rendered":"<p><img decoding=\"async\" id=\"tgpli-60b23eb2bbba6\" class=\"alignnone wp-image-26868\" src=\"http:\/\/casadastintasans.com.br\/wp-content\/uploads\/2021\/05\/banner_home_leque-1-300x169.jpg\" alt=\"\" width=\"496\" height=\"279\" data-tgpli-src=\"http:\/\/casadastintasans.com.br\/wp-content\/uploads\/2021\/05\/banner_home_leque-1-300x169.jpg\" data-tgpli-inited=\"\" \/><\/p>\n<div class=\"ts2 tc-grey title-h4 title-h6 title-h2\">ESCOLHA A COR DA TINTA<\/div>\n<div class=\"title-h6 title-h4 title-h2\">CONFIRA AS OP\u00c7\u00d5ES DISPON\u00cdVEIS E ESCOLHA A COR CERTA PARA CADA AMBIENTE. AS CORES S\u00c3O APENAS APROXIMA\u00c7\u00d5ES E VARIAM DA COR ORIGINAL E DE MONITOR PARA MONITOR<\/div>\n","protected":false},"excerpt":{"rendered":"<p>O Esmalte Sint\u00e9tico Hammerite Direto na Ferrugem \u00e9 um esmalte antioxidante que se aplica diretamente sobre ferro limpo ou enferrujado. N\u00e3o necessita de fundo pr\u00e9vio. Previne e interrompe o processo de ferrugem. Sua f\u00f3rmula oferece uma Dupla Tecnologia: Alta Repel\u00eancia a \u00c1gua e A\u00e7\u00e3o Anticorrosiva, al\u00e9m de permitir a dilui\u00e7\u00e3o com aguarr\u00e1s convencional, eliminando a necessidade de dilui\u00e7\u00e3o com um solvente especifico. Possui um grande poder de cobertura e rendimento. Indicado para ambientes externos e internos.<\/p>\n","protected":false},"featured_media":26953,"template":"","meta":[],"product_brand":[],"product_cat":[155,186,162,159,160],"product_tag":[],"class_list":{"0":"post-26952","1":"product","2":"type-product","3":"status-publish","4":"has-post-thumbnail","6":"product_cat-coral","7":"product_cat-esmaltes","8":"product_cat-exterior","9":"product_cat-metais","10":"product_cat-outras-superficies","12":"first","13":"instock","14":"shipping-taxable","15":"product-type-simple"},"aioseo_notices":[],"_links":{"self":[{"href":"https:\/\/casadastintasans.com.br\/index.php\/wp-json\/wp\/v2\/product\/26952","targetHints":{"allow":["GET"]}}],"collection":[{"href":"https:\/\/casadastintasans.com.br\/index.php\/wp-json\/wp\/v2\/product"}],"about":[{"href":"https:\/\/casadastintasans.com.br\/index.php\/wp-json\/wp\/v2\/types\/product"}],"wp:featuredmedia":[{"embeddable":true,"href":"https:\/\/casadastintasans.com.br\/index.php\/wp-json\/wp\/v2\/media\/26953"}],"wp:attachment":[{"href":"https:\/\/casadastintasans.com.br\/index.php\/wp-json\/wp\/v2\/media?parent=26952"}],"wp:term":[{"taxonomy":"product_brand","embeddable":true,"href":"https:\/\/casadastintasans.com.br\/index.php\/wp-json\/wp\/v2\/product_brand?post=26952"},{"taxonomy":"product_cat","embeddable":true,"href":"https:\/\/casadastintasans.com.br\/index.php\/wp-json\/wp\/v2\/product_cat?post=26952"},{"taxonomy":"product_tag","embeddable":true,"href":"https:\/\/casadastintasans.com.br\/index.php\/wp-json\/wp\/v2\/product_tag?post=26952"}],"curies":[{"name":"wp","href":"https:\/\/api.w.org\/{rel}","templated":true}]}}