{"id":26950,"date":"2021-05-29T13:07:34","date_gmt":"2021-05-29T13:07:34","guid":{"rendered":"http:\/\/casadastintasans.com.br\/?post_type=product&#038;p=26950"},"modified":"2021-05-31T19:32:47","modified_gmt":"2021-05-31T19:32:47","slug":"coral-fundo-preparador-base-agua","status":"publish","type":"product","link":"https:\/\/casadastintasans.com.br\/index.php\/produto\/coral-fundo-preparador-base-agua\/","title":{"rendered":"Fundo Preparador Base \u00c1gua 3,6L"},"content":{"rendered":"","protected":false},"excerpt":{"rendered":"<p>Para proteger e manter sua pintura bonita e nova por muito mais tempo \u00e9 necess\u00e1rio fazer uma boa prepara\u00e7\u00e3o da superf\u00edcie. O Fundo Preparador Base \u00c1gua foi especialmente desenvolvido para preparar paredes novas que receber\u00e3o pintura ou para solucionar os problemas da superf\u00edcie, que pode estar descascada, saponificada ou pintada com cal. O Fundo Preparador Base \u00c1gua pode ser aplicado facilmente tanto em ambientes internos quanto externos e garante maior durabilidade \u00e0 pintura. Al\u00e9m disso, com seu uso, a parede adere melhor \u00e0 tinta de acabamento e forma uma barreira contra a alcalinidade. Uma lata de 18L pinta at\u00e9 275m\u00b2 por dem\u00e3o.<\/p>\n","protected":false},"featured_media":26951,"template":"","meta":[],"product_brand":[],"product_cat":[155,162,179,144],"product_tag":[],"class_list":{"0":"post-26950","1":"product","2":"type-product","3":"status-publish","4":"has-post-thumbnail","6":"product_cat-coral","7":"product_cat-exterior","8":"product_cat-interior","9":"product_cat-linha-imobiliaria","11":"first","12":"instock","13":"shipping-taxable","14":"product-type-simple"},"aioseo_notices":[],"_links":{"self":[{"href":"https:\/\/casadastintasans.com.br\/index.php\/wp-json\/wp\/v2\/product\/26950","targetHints":{"allow":["GET"]}}],"collection":[{"href":"https:\/\/casadastintasans.com.br\/index.php\/wp-json\/wp\/v2\/product"}],"about":[{"href":"https:\/\/casadastintasans.com.br\/index.php\/wp-json\/wp\/v2\/types\/product"}],"wp:featuredmedia":[{"embeddable":true,"href":"https:\/\/casadastintasans.com.br\/index.php\/wp-json\/wp\/v2\/media\/26951"}],"wp:attachment":[{"href":"https:\/\/casadastintasans.com.br\/index.php\/wp-json\/wp\/v2\/media?parent=26950"}],"wp:term":[{"taxonomy":"product_brand","embeddable":true,"href":"https:\/\/casadastintasans.com.br\/index.php\/wp-json\/wp\/v2\/product_brand?post=26950"},{"taxonomy":"product_cat","embeddable":true,"href":"https:\/\/casadastintasans.com.br\/index.php\/wp-json\/wp\/v2\/product_cat?post=26950"},{"taxonomy":"product_tag","embeddable":true,"href":"https:\/\/casadastintasans.com.br\/index.php\/wp-json\/wp\/v2\/product_tag?post=26950"}],"curies":[{"name":"wp","href":"https:\/\/api.w.org\/{rel}","templated":true}]}}