{"id":26948,"date":"2021-05-29T13:00:21","date_gmt":"2021-05-29T13:00:21","guid":{"rendered":"http:\/\/casadastintasans.com.br\/?post_type=product&#038;p=26948"},"modified":"2021-06-22T18:06:35","modified_gmt":"2021-06-22T18:06:35","slug":"coral-massa-corrida-6kg","status":"publish","type":"product","link":"https:\/\/casadastintasans.com.br\/index.php\/produto\/coral-massa-corrida-6kg\/","title":{"rendered":"CORAL MASSA CORRIDA 6KG"},"content":{"rendered":"<p><img decoding=\"async\" class=\" wp-image-26960 alignright\" src=\"http:\/\/casadastintasans.com.br\/wp-content\/uploads\/2021\/05\/como-aplicar-massa-corrida-em-paredes-300x186.jpg\" alt=\"\" width=\"456\" height=\"283\" srcset=\"https:\/\/casadastintasans.com.br\/wp-content\/uploads\/2021\/05\/como-aplicar-massa-corrida-em-paredes-300x186.jpg 300w, https:\/\/casadastintasans.com.br\/wp-content\/uploads\/2021\/05\/como-aplicar-massa-corrida-em-paredes.jpg 564w\" sizes=\"(max-width: 456px) 100vw, 456px\" \/><img decoding=\"async\" class=\"alignnone wp-image-26958\" src=\"http:\/\/casadastintasans.com.br\/wp-content\/uploads\/2021\/05\/como-aplicar-massa-corrida-1-300x200.jpg\" alt=\"\" width=\"423\" height=\"282\" srcset=\"https:\/\/casadastintasans.com.br\/wp-content\/uploads\/2021\/05\/como-aplicar-massa-corrida-1-300x200.jpg 300w, https:\/\/casadastintasans.com.br\/wp-content\/uploads\/2021\/05\/como-aplicar-massa-corrida-1.jpg 564w\" sizes=\"(max-width: 423px) 100vw, 423px\" \/><\/p>\n<p>&nbsp;<\/p>\n<div class=\"title-h6\"><strong>O produto serve para corrigir imperfei\u00e7\u00f5es da superf\u00edcie e \u00e9 aplicado ap\u00f3s o reboco. Ou seja, \u00e9 praticamente um elemento indispens\u00e1vel na constru\u00e7\u00e3o de paredes e tetos de alvenaria. A aplica\u00e7\u00e3o da massa costuma ser feita por um profissional. Mas, se voc\u00ea est\u00e1 reformando uma parede, ou trabalhando em uma \u00e1rea pequena, e tem certa facilidade no \u201cfa\u00e7a voc\u00ea mesmo\u201d, nada o impede de, literalmente, \u201ccolocar a m\u00e3o na massa\u201d.<\/strong><\/div>\n","protected":false},"excerpt":{"rendered":"<p>Para proteger e manter sua pintura bonita e nova por muito mais tempo \u00e9 necess\u00e1rio fazer uma boa prepara\u00e7\u00e3o da superf\u00edcie. A Massa Corrida Coral \u00e9 indicada para uniformizar, nivelar e corrigir pequenas imperfei\u00e7\u00f5es em superf\u00edcies internas de alvenaria e concreto. Com alto poder de enchimento, elevada consist\u00eancia, \u00f3tima ader\u00eancia, sua secagem \u00e9 r\u00e1pida e seu odor \u00e9 baixo. De consistencia cremosa, tambem \u00e9 mais f\u00e1cil de aplicar, econ\u00f4mica e mais resistente. Sua f\u00f3rmula proporciona tamb\u00e9m proporciona uma maior facilidade para lixar. Uma lata de 25KG rende at\u00e9 75m\u00b2 por dem\u00e3o (Rendimento estimado. Pode variar de acordo com o tipo e condi\u00e7\u00e3o da superf\u00edcie).<\/p>\n","protected":false},"featured_media":26949,"template":"","meta":[],"product_brand":[],"product_cat":[189,155,144],"product_tag":[],"class_list":{"0":"post-26948","1":"product","2":"type-product","3":"status-publish","4":"has-post-thumbnail","6":"product_cat-complementos","7":"product_cat-coral","8":"product_cat-linha-imobiliaria","10":"first","11":"instock","12":"shipping-taxable","13":"product-type-simple"},"aioseo_notices":[],"_links":{"self":[{"href":"https:\/\/casadastintasans.com.br\/index.php\/wp-json\/wp\/v2\/product\/26948","targetHints":{"allow":["GET"]}}],"collection":[{"href":"https:\/\/casadastintasans.com.br\/index.php\/wp-json\/wp\/v2\/product"}],"about":[{"href":"https:\/\/casadastintasans.com.br\/index.php\/wp-json\/wp\/v2\/types\/product"}],"wp:featuredmedia":[{"embeddable":true,"href":"https:\/\/casadastintasans.com.br\/index.php\/wp-json\/wp\/v2\/media\/26949"}],"wp:attachment":[{"href":"https:\/\/casadastintasans.com.br\/index.php\/wp-json\/wp\/v2\/media?parent=26948"}],"wp:term":[{"taxonomy":"product_brand","embeddable":true,"href":"https:\/\/casadastintasans.com.br\/index.php\/wp-json\/wp\/v2\/product_brand?post=26948"},{"taxonomy":"product_cat","embeddable":true,"href":"https:\/\/casadastintasans.com.br\/index.php\/wp-json\/wp\/v2\/product_cat?post=26948"},{"taxonomy":"product_tag","embeddable":true,"href":"https:\/\/casadastintasans.com.br\/index.php\/wp-json\/wp\/v2\/product_tag?post=26948"}],"curies":[{"name":"wp","href":"https:\/\/api.w.org\/{rel}","templated":true}]}}